{"id":2434,"date":"2026-02-20T09:51:19","date_gmt":"2026-02-20T08:51:19","guid":{"rendered":"https:\/\/grindelwaldvr.com\/?page_id=2434"},"modified":"2026-02-20T10:49:41","modified_gmt":"2026-02-20T09:49:41","slug":"book-a-session-tourismus","status":"publish","type":"page","link":"https:\/\/grindelwaldvr.com\/de\/book-a-session-tourismus\/","title":{"rendered":"Book a Session &#8211; Tourismus"},"content":{"rendered":"<div data-elementor-type=\"wp-page\" data-elementor-id=\"2434\" class=\"elementor elementor-2434\" data-elementor-post-type=\"page\">\n\t\t\t\t<div class=\"elementor-element elementor-element-0e757f9 e-flex e-con-boxed e-con e-parent\" data-id=\"0e757f9\" data-element_type=\"container\">\n\t\t\t\t\t<div class=\"e-con-inner\">\n\t\t\t\t\t<\/div>\n\t\t\t\t<\/div>\n\t\t<div class=\"elementor-element elementor-element-7b0bb32 e-con-full e-flex e-con e-parent\" data-id=\"7b0bb32\" data-element_type=\"container\">\n\t\t\t\t<div class=\"elementor-element elementor-element-eaceb98 elementor-widget elementor-widget-image\" data-id=\"eaceb98\" data-element_type=\"widget\" data-widget_type=\"image.default\">\n\t\t\t\t\t\t\t\t\t\t\t\t\t\t\t\t<a href=\"https:\/\/grindelwaldvr.com\/de\/\">\n\t\t\t\t\t\t\t<img fetchpriority=\"high\" decoding=\"async\" width=\"2560\" height=\"515\" src=\"https:\/\/grindelwaldvr.com\/wp-content\/uploads\/2026\/01\/grindelwald_vr_banner_2x-scaled.webp\" class=\"attachment-full size-full wp-image-1699\" alt=\"\" srcset=\"https:\/\/grindelwaldvr.com\/wp-content\/uploads\/2026\/01\/grindelwald_vr_banner_2x-scaled.webp 2560w, https:\/\/grindelwaldvr.com\/wp-content\/uploads\/2026\/01\/grindelwald_vr_banner_2x-300x60.webp 300w, https:\/\/grindelwaldvr.com\/wp-content\/uploads\/2026\/01\/grindelwald_vr_banner_2x-1024x206.webp 1024w, https:\/\/grindelwaldvr.com\/wp-content\/uploads\/2026\/01\/grindelwald_vr_banner_2x-768x155.webp 768w, https:\/\/grindelwaldvr.com\/wp-content\/uploads\/2026\/01\/grindelwald_vr_banner_2x-1536x309.webp 1536w, https:\/\/grindelwaldvr.com\/wp-content\/uploads\/2026\/01\/grindelwald_vr_banner_2x-2048x412.webp 2048w\" sizes=\"(max-width: 2560px) 100vw, 2560px\" \/>\t\t\t\t\t\t\t\t<\/a>\n\t\t\t\t\t\t\t\t\t\t\t\t\t\t\t<\/div>\n\t\t\t\t<div class=\"elementor-element elementor-element-1b4bf8b elementor-widget elementor-widget-heading\" data-id=\"1b4bf8b\" data-element_type=\"widget\" data-widget_type=\"heading.default\">\n\t\t\t\t\t<h2 class=\"elementor-heading-title elementor-size-default\">Buchen Sie Ihr VR-Abenteuer!<\/h2>\t\t\t\t<\/div>\n\t\t\t\t<\/div>\n\t\t<div class=\"elementor-element elementor-element-79cbc3f e-flex e-con-boxed e-con e-parent\" data-id=\"79cbc3f\" data-element_type=\"container\">\n\t\t\t\t\t<div class=\"e-con-inner\">\n\t\t<div class=\"elementor-element elementor-element-f5d11f4 e-con-full e-flex e-con e-child\" data-id=\"f5d11f4\" data-element_type=\"container\">\n\t\t\t\t<div class=\"elementor-element elementor-element-d42d749 elementor-align-center elementor-widget elementor-widget-button\" data-id=\"d42d749\" data-element_type=\"widget\" data-widget_type=\"button.default\">\n\t\t\t\t\t\t\t\t\t\t<a class=\"elementor-button elementor-button-link elementor-size-sm elementor-animation-shrink\" href=\"https:\/\/grindelwaldvr.com\/de\/vr-classic-play-45-min-choose-number-of-players-tourismus\/\" id=\"book-classic-btn\">\n\t\t\t\t\t\t<span class=\"elementor-button-content-wrapper\">\n\t\t\t\t\t\t\t\t\t<span class=\"elementor-button-text\">VR 45 Minuten<\/span>\n\t\t\t\t\t<\/span>\n\t\t\t\t\t<\/a>\n\t\t\t\t\t\t\t\t<\/div>\n\t\t\t\t<\/div>\n\t\t<div class=\"elementor-element elementor-element-d935c2a e-con-full e-flex e-con e-child\" data-id=\"d935c2a\" data-element_type=\"container\">\n\t\t\t\t<div class=\"elementor-element elementor-element-89e126c elementor-align-center elementor-widget elementor-widget-button\" data-id=\"89e126c\" data-element_type=\"widget\" data-widget_type=\"button.default\">\n\t\t\t\t\t\t\t\t\t\t<a class=\"elementor-button elementor-button-link elementor-size-sm elementor-animation-shrink\" href=\"https:\/\/grindelwaldvr.com\/de\/kids-party-booking-tourismus\/\" id=\"book-party-btn\">\n\t\t\t\t\t\t<span class=\"elementor-button-content-wrapper\">\n\t\t\t\t\t\t\t\t\t<span class=\"elementor-button-text\">Kinderparty<\/span>\n\t\t\t\t\t<\/span>\n\t\t\t\t\t<\/a>\n\t\t\t\t\t\t\t\t<\/div>\n\t\t\t\t<\/div>\n\t\t<div class=\"elementor-element elementor-element-238d401 e-con-full e-flex e-con e-child\" data-id=\"238d401\" data-element_type=\"container\">\n\t\t\t\t<div class=\"elementor-element elementor-element-b587ceb elementor-align-center elementor-widget elementor-widget-button\" data-id=\"b587ceb\" data-element_type=\"widget\" data-widget_type=\"button.default\">\n\t\t\t\t\t\t\t\t\t\t<a class=\"elementor-button elementor-button-link elementor-size-sm elementor-animation-shrink\" href=\"https:\/\/grindelwaldvr.com\/de\/vr-team-play-90-min-choose-number-of-players-tourismus\/\" id=\"book-team-btn\">\n\t\t\t\t\t\t<span class=\"elementor-button-content-wrapper\">\n\t\t\t\t\t\t\t\t\t<span class=\"elementor-button-text\">VR 90 Minuten<\/span>\n\t\t\t\t\t<\/span>\n\t\t\t\t\t<\/a>\n\t\t\t\t\t\t\t\t<\/div>\n\t\t\t\t<\/div>\n\t\t\t\t\t<\/div>\n\t\t\t\t<\/div>\n\t\t<div class=\"elementor-element elementor-element-37a3b1f e-flex e-con-boxed e-con e-parent\" data-id=\"37a3b1f\" data-element_type=\"container\">\n\t\t\t\t\t<div class=\"e-con-inner\">\n\t\t\t\t<div class=\"elementor-element elementor-element-d3a03a2 elementor-widget elementor-widget-text-editor\" data-id=\"d3a03a2\" data-element_type=\"widget\" data-widget_type=\"text-editor.default\">\n\t\t\t\t\t\t\t\t\t<p>Haben Sie einen Gutscheincode oder Gutschein? Klicken Sie hier, um <a href=\"https:\/\/grindelwaldvr.com\/de\/redeem-code\/\">Ihren Code einzul\u00f6sen<\/a>!<\/p>\t\t\t\t\t\t\t\t<\/div>\n\t\t\t\t\t<\/div>\n\t\t\t\t<\/div>\n\t\t<div class=\"elementor-element elementor-element-3c78847 e-flex e-con-boxed e-con e-parent\" data-id=\"3c78847\" data-element_type=\"container\" data-settings=\"{&quot;background_background&quot;:&quot;classic&quot;}\">\n\t\t\t\t\t<div class=\"e-con-inner\">\n\t\t\t\t<div class=\"elementor-element elementor-element-40a4ade elementor-widget elementor-widget-shortcode\" data-id=\"40a4ade\" data-element_type=\"widget\" data-widget_type=\"shortcode.default\">\n\t\t\t\t\t\t\t<div class=\"elementor-shortcode\">\n<table id=\"tablepress-1\" class=\"tablepress tablepress-id-1\" aria-describedby=\"tablepress-1-description\">\n<thead>\n<tr class=\"row-1\">\n\t<th class=\"column-1\">GVR ARENA SITZUNGEN<\/th><th class=\"column-2\">Gesamtpreis<\/th><th class=\"column-3\">WAS DU BEKOMMST<\/th>\n<\/tr>\n<\/thead>\n<tbody class=\"row-striping row-hover\">\n<tr class=\"row-2\">\n\t<td class=\"column-1\"><a href=\"https:\/\/grindelwaldvr.com\/de\/classic-choose-number-of-players\/\">45 Minuten Classic \u2013 2 oder 4 Spieler<\/a><\/td><td class=\"column-2\">67\/97 CHF<\/td><td class=\"column-3\">30-35 Minuten VR<\/td>\n<\/tr>\n<tr class=\"row-3\">\n\t<td class=\"column-1\"><a href=\"https:\/\/grindelwaldvr.com\/de\/kids-party-vr-4-8-players-90-min\/\">90 Minuten Kinderparty \u2013 4 bis 8 Spieler*<\/a><\/td><td class=\"column-2\">160 CHF<\/td><td class=\"column-3\">30-70 Minuten VR + Spiel der Stufe 2 <\/td>\n<\/tr>\n<tr class=\"row-4\">\n\t<td class=\"column-1\"><a href=\"https:\/\/grindelwaldvr.com\/de\/team-play-vr-90-min-choose-number-of-players\/\">90 Minuten Team-Play \u2013 4 oder 8 Spieler<\/a><\/td><td class=\"column-2\">145\/180 CHF<\/td><td class=\"column-3\">35-80 Minuten VR + Spiel der Stufe 2<br \/>\n<\/td>\n<\/tr>\n<\/tbody>\n<\/table>\n<span id=\"tablepress-1-description\" class=\"tablepress-table-description tablepress-table-description-id-1\">W\u00e4hlen Sie eine Buchung aus, um die verf\u00fcgbaren Zeiten anzuzeigen. <br \/>\n<br \/>\n<strong>Sitzungszeit<\/strong><br \/>\nDie Sitzungen beginnen p\u00fcnktlich - bitte kommen Sie 10 Minuten fr\u00fcher<br \/>\n<br \/>\n<strong>Wie Multiplayer funktioniert<\/strong><br \/>\nVR l\u00e4uft mit 4 Spielern auf einmal und wechselt w\u00e4hrend der Sitzung<br \/>\nWartende Spieler verwenden Level 2 Gaming<br \/>\n<br \/>\n<strong>*Eltern<\/strong><br \/>\nBis zu zwei Eltern k\u00f6nnen bleiben<br \/>\nEltern k\u00f6nnen beitreten, wenn es eine ungerade Anzahl von Kindern gibt<br \/>\n<br \/>\n<strong>Grosse Gruppen<\/strong><br \/>\nTeams bis zu 30 Personen pro Tag<br \/>\nKombipakete mit Sportcenter-Aktivit\u00e4ten verf\u00fcgbar<br \/>\n<br \/>\n<strong>Preise<\/strong><br \/>\nDie Preise in der obigen Tabelle sind Gesamtpreise, nicht pro Person. Eine 45-min\u00fctige klassische Sitzung f\u00fcr 2 Personen kostet 67 CHF und f\u00fcr 4 Personen insgesamt 97 CHF.<\/span>\n<!-- #tablepress-1 from cache --><\/div>\n\t\t\t\t\t\t<\/div>\n\t\t\t\t\t<\/div>\n\t\t\t\t<\/div>\n\t\t<div class=\"elementor-element elementor-element-77ecaf2 e-flex e-con-boxed e-con e-parent\" data-id=\"77ecaf2\" data-element_type=\"container\">\n\t\t\t\t\t<div class=\"e-con-inner\">\n\t\t\t\t<div class=\"elementor-element elementor-element-ffd3da6 elementor-widget elementor-widget-image\" data-id=\"ffd3da6\" data-element_type=\"widget\" data-widget_type=\"image.default\">\n\t\t\t\t\t\t\t\t\t\t\t\t\t\t\t<img decoding=\"async\" width=\"768\" height=\"573\" src=\"https:\/\/grindelwaldvr.com\/wp-content\/uploads\/2026\/01\/gvrplay-scanner-darkly1-768x573.png\" class=\"attachment-medium_large size-medium_large wp-image-1930\" alt=\"\" srcset=\"https:\/\/grindelwaldvr.com\/wp-content\/uploads\/2026\/01\/gvrplay-scanner-darkly1-768x573.png 768w, https:\/\/grindelwaldvr.com\/wp-content\/uploads\/2026\/01\/gvrplay-scanner-darkly1-300x224.png 300w, https:\/\/grindelwaldvr.com\/wp-content\/uploads\/2026\/01\/gvrplay-scanner-darkly1-1024x765.png 1024w, https:\/\/grindelwaldvr.com\/wp-content\/uploads\/2026\/01\/gvrplay-scanner-darkly1-1536x1147.png 1536w, https:\/\/grindelwaldvr.com\/wp-content\/uploads\/2026\/01\/gvrplay-scanner-darkly1-2048x1529.png 2048w, https:\/\/grindelwaldvr.com\/wp-content\/uploads\/2026\/01\/gvrplay-scanner-darkly1-16x12.png 16w\" sizes=\"(max-width: 768px) 100vw, 768px\" \/>\t\t\t\t\t\t\t\t\t\t\t\t\t\t\t<\/div>\n\t\t\t\t\t<\/div>\n\t\t\t\t<\/div>\n\t\t\t\t<\/div>","protected":false},"excerpt":{"rendered":"<p>Book Your VR Adventure Today! VR Classic 45 Min Kids Party 90 MIn VR Team 90 Min Have a coupon [&hellip;]<\/p>","protected":false},"author":1,"featured_media":0,"parent":0,"menu_order":0,"comment_status":"closed","ping_status":"closed","template":"","meta":{"site-sidebar-layout":"default","site-content-layout":"","ast-site-content-layout":"default","site-content-style":"default","site-sidebar-style":"default","ast-global-header-display":"","ast-banner-title-visibility":"","ast-main-header-display":"","ast-hfb-above-header-display":"","ast-hfb-below-header-display":"","ast-hfb-mobile-header-display":"","site-post-title":"","ast-breadcrumbs-content":"","ast-featured-img":"","footer-sml-layout":"","theme-transparent-header-meta":"","adv-header-id-meta":"","stick-header-meta":"","header-above-stick-meta":"","header-main-stick-meta":"","header-below-stick-meta":"","astra-migrate-meta-layouts":"default","ast-page-background-enabled":"default","ast-page-background-meta":{"desktop":{"background-color":"var(--ast-global-color-5)","background-image":"","background-repeat":"repeat","background-position":"center center","background-size":"auto","background-attachment":"scroll","background-type":"","background-media":"","overlay-type":"","overlay-color":"","overlay-opacity":"","overlay-gradient":""},"tablet":{"background-color":"","background-image":"","background-repeat":"repeat","background-position":"center center","background-size":"auto","background-attachment":"scroll","background-type":"","background-media":"","overlay-type":"","overlay-color":"","overlay-opacity":"","overlay-gradient":""},"mobile":{"background-color":"","background-image":"","background-repeat":"repeat","background-position":"center center","background-size":"auto","background-attachment":"scroll","background-type":"","background-media":"","overlay-type":"","overlay-color":"","overlay-opacity":"","overlay-gradient":""}},"ast-content-background-meta":{"desktop":{"background-color":"var(--ast-global-color-4)","background-image":"","background-repeat":"repeat","background-position":"center center","background-size":"auto","background-attachment":"scroll","background-type":"","background-media":"","overlay-type":"","overlay-color":"","overlay-opacity":"","overlay-gradient":""},"tablet":{"background-color":"var(--ast-global-color-4)","background-image":"","background-repeat":"repeat","background-position":"center center","background-size":"auto","background-attachment":"scroll","background-type":"","background-media":"","overlay-type":"","overlay-color":"","overlay-opacity":"","overlay-gradient":""},"mobile":{"background-color":"var(--ast-global-color-4)","background-image":"","background-repeat":"repeat","background-position":"center center","background-size":"auto","background-attachment":"scroll","background-type":"","background-media":"","overlay-type":"","overlay-color":"","overlay-opacity":"","overlay-gradient":""}},"footnotes":""},"class_list":["post-2434","page","type-page","status-publish","hentry"],"_hostinger_reach_plugin_has_subscription_block":false,"_hostinger_reach_plugin_is_elementor":false,"_links":{"self":[{"href":"https:\/\/grindelwaldvr.com\/de\/wp-json\/wp\/v2\/pages\/2434","targetHints":{"allow":["GET"]}}],"collection":[{"href":"https:\/\/grindelwaldvr.com\/de\/wp-json\/wp\/v2\/pages"}],"about":[{"href":"https:\/\/grindelwaldvr.com\/de\/wp-json\/wp\/v2\/types\/page"}],"author":[{"embeddable":true,"href":"https:\/\/grindelwaldvr.com\/de\/wp-json\/wp\/v2\/users\/1"}],"replies":[{"embeddable":true,"href":"https:\/\/grindelwaldvr.com\/de\/wp-json\/wp\/v2\/comments?post=2434"}],"version-history":[{"count":11,"href":"https:\/\/grindelwaldvr.com\/de\/wp-json\/wp\/v2\/pages\/2434\/revisions"}],"predecessor-version":[{"id":2500,"href":"https:\/\/grindelwaldvr.com\/de\/wp-json\/wp\/v2\/pages\/2434\/revisions\/2500"}],"wp:attachment":[{"href":"https:\/\/grindelwaldvr.com\/de\/wp-json\/wp\/v2\/media?parent=2434"}],"curies":[{"name":"wp","href":"https:\/\/api.w.org\/{rel}","templated":true}]}}