{"id":2313,"date":"2026-02-19T23:14:13","date_gmt":"2026-02-19T22:14:13","guid":{"rendered":"https:\/\/grindelwaldvr.com\/?page_id=2313"},"modified":"2026-02-20T10:23:25","modified_gmt":"2026-02-20T09:23:25","slug":"grindelwald-tourismus","status":"publish","type":"page","link":"https:\/\/grindelwaldvr.com\/de\/grindelwald-tourismus\/","title":{"rendered":"Home &#8211; Tourismus"},"content":{"rendered":"<div data-elementor-type=\"wp-page\" data-elementor-id=\"2313\" class=\"elementor elementor-2313\" data-elementor-post-type=\"page\">\n\t\t\t\t<div class=\"elementor-element elementor-element-6964a75 e-flex e-con-boxed e-con e-parent\" data-id=\"6964a75\" data-element_type=\"container\" data-settings=\"{&quot;background_background&quot;:&quot;classic&quot;}\">\n\t\t\t\t\t<div class=\"e-con-inner\">\n\t\t<div class=\"elementor-element elementor-element-19b5d63 e-con-full e-flex e-con e-child\" data-id=\"19b5d63\" data-element_type=\"container\">\n\t\t\t\t<div class=\"elementor-element elementor-element-3d04546 elementor-widget elementor-widget-theme-site-logo elementor-widget-image\" data-id=\"3d04546\" data-element_type=\"widget\" data-widget_type=\"theme-site-logo.default\">\n\t\t\t\t\t\t\t\t\t\t\t<a href=\"https:\/\/grindelwaldvr.com\/de\">\n\t\t\t<img fetchpriority=\"high\" decoding=\"async\" width=\"1800\" height=\"1800\" src=\"https:\/\/grindelwaldvr.com\/wp-content\/uploads\/2025\/10\/GVR_4C-clean.png\" class=\"attachment-full size-full wp-image-191\" alt=\"\" srcset=\"https:\/\/grindelwaldvr.com\/wp-content\/uploads\/2025\/10\/GVR_4C-clean.png 1800w, https:\/\/grindelwaldvr.com\/wp-content\/uploads\/2025\/10\/GVR_4C-clean-300x300.png 300w, https:\/\/grindelwaldvr.com\/wp-content\/uploads\/2025\/10\/GVR_4C-clean-1024x1024.png 1024w, https:\/\/grindelwaldvr.com\/wp-content\/uploads\/2025\/10\/GVR_4C-clean-150x150.png 150w, https:\/\/grindelwaldvr.com\/wp-content\/uploads\/2025\/10\/GVR_4C-clean-768x768.png 768w, https:\/\/grindelwaldvr.com\/wp-content\/uploads\/2025\/10\/GVR_4C-clean-1536x1536.png 1536w, https:\/\/grindelwaldvr.com\/wp-content\/uploads\/2025\/10\/GVR_4C-clean-12x12.png 12w\" sizes=\"(max-width: 1800px) 100vw, 1800px\" \/>\t\t\t\t<\/a>\n\t\t\t\t\t\t\t\t\t\t\t<\/div>\n\t\t\t\t<\/div>\n\t\t<div class=\"elementor-element elementor-element-67bd962 e-con-full e-flex e-con e-child\" data-id=\"67bd962\" data-element_type=\"container\">\n\t\t\t\t<div class=\"elementor-element elementor-element-eee5b47 elementor-align-center elementor-tablet-align-center elementor-mobile-align-center elementor-widget elementor-widget-button\" data-id=\"eee5b47\" data-element_type=\"widget\" data-widget_type=\"button.default\">\n\t\t\t\t\t\t\t\t\t\t<a class=\"elementor-button elementor-button-link elementor-size-sm elementor-animation-shrink\" href=\"https:\/\/grindelwaldvr.com\/de\/book-a-session-tourismus\/\">\n\t\t\t\t\t\t<span class=\"elementor-button-content-wrapper\">\n\t\t\t\t\t\t\t\t\t<span class=\"elementor-button-text\">Jetzt Buchen<\/span>\n\t\t\t\t\t<\/span>\n\t\t\t\t\t<\/a>\n\t\t\t\t\t\t\t\t<\/div>\n\t\t\t\t<\/div>\n\t\t\t\t\t<\/div>\n\t\t\t\t<\/div>\n\t\t<div class=\"elementor-element elementor-element-0382e32 e-flex e-con-boxed e-con e-parent\" data-id=\"0382e32\" data-element_type=\"container\" data-settings=\"{&quot;background_background&quot;:&quot;slideshow&quot;,&quot;background_slideshow_gallery&quot;:[{&quot;id&quot;:1419,&quot;url&quot;:&quot;https:\\\/\\\/grindelwaldvr.com\\\/wp-content\\\/uploads\\\/2025\\\/11\\\/redled-1.png&quot;},{&quot;id&quot;:1418,&quot;url&quot;:&quot;https:\\\/\\\/grindelwaldvr.com\\\/wp-content\\\/uploads\\\/2025\\\/11\\\/orangeled-1.png&quot;},{&quot;id&quot;:1417,&quot;url&quot;:&quot;https:\\\/\\\/grindelwaldvr.com\\\/wp-content\\\/uploads\\\/2025\\\/11\\\/ylllwled-1.png&quot;}],&quot;background_slideshow_slide_duration&quot;:791,&quot;background_slideshow_ken_burns&quot;:&quot;yes&quot;,&quot;background_slideshow_loop&quot;:&quot;yes&quot;,&quot;background_slideshow_slide_transition&quot;:&quot;fade&quot;,&quot;background_slideshow_transition_duration&quot;:500,&quot;background_slideshow_ken_burns_zoom_direction&quot;:&quot;in&quot;}\">\n\t\t\t\t\t<div class=\"e-con-inner\">\n\t\t\t\t<div class=\"elementor-element elementor-element-2ccb7a5 elementor-widget elementor-widget-text-editor\" data-id=\"2ccb7a5\" data-element_type=\"widget\" data-widget_type=\"text-editor.default\">\n\t\t\t\t\t\t\t\t\t<p>\u00a0<\/p><p><strong data-start=\"233\" data-end=\"261\" data-is-last-node=\"\">Virtual Reality<\/strong><\/p><p><strong data-start=\"233\" data-end=\"261\" data-is-last-node=\"\">in Grindelwald<\/strong><\/p>\t\t\t\t\t\t\t\t<\/div>\n\t\t\t\t\t<\/div>\n\t\t\t\t<\/div>\n\t\t<div class=\"elementor-element elementor-element-0b90652 e-flex e-con-boxed e-con e-parent\" data-id=\"0b90652\" data-element_type=\"container\" data-settings=\"{&quot;background_background&quot;:&quot;classic&quot;}\">\n\t\t\t\t\t<div class=\"e-con-inner\">\n\t\t\t\t<div class=\"elementor-element elementor-element-38aa158 elementor-widget elementor-widget-text-editor\" data-id=\"38aa158\" data-element_type=\"widget\" data-widget_type=\"text-editor.default\">\n\t\t\t\t\t\t\t\t\t<p>Neu im Sportzentrum Grindelwald! In unserer VR Arena erleben Sie die Magie von immersivem Multiplayer-Spass \u2013 mitten im Dorf, bei Tag oder bei Nacht.<\/p><p>Unsere exklusiven VR Arena Games nutzen modernste Free-Roam-Technologie und bieten actionreichen, teambasierten Spielspass \u2013 ideal f\u00fcr Einsteiger wie auch f\u00fcr erfahrene Gamer.\u00a0<\/p>\t\t\t\t\t\t\t\t<\/div>\n\t\t\t\t\t<\/div>\n\t\t\t\t<\/div>\n\t\t<div class=\"elementor-element elementor-element-d775f58 e-flex e-con-boxed e-con e-parent\" data-id=\"d775f58\" data-element_type=\"container\">\n\t\t\t\t\t<div class=\"e-con-inner\">\n\t\t<div class=\"elementor-element elementor-element-96f151e e-con-full e-flex e-con e-child\" data-id=\"96f151e\" data-element_type=\"container\" data-settings=\"{&quot;background_background&quot;:&quot;classic&quot;}\">\n\t\t\t\t<\/div>\n\t\t<div class=\"elementor-element elementor-element-9c62cdb e-con-full e-flex e-con e-child\" data-id=\"9c62cdb\" data-element_type=\"container\" data-settings=\"{&quot;background_background&quot;:&quot;classic&quot;}\">\n\t\t\t\t<\/div>\n\t\t<div class=\"elementor-element elementor-element-b07fc9e e-con-full e-flex e-con e-child\" data-id=\"b07fc9e\" data-element_type=\"container\" data-settings=\"{&quot;background_background&quot;:&quot;classic&quot;}\">\n\t\t\t\t<\/div>\n\t\t\t\t\t<\/div>\n\t\t\t\t<\/div>\n\t\t<div class=\"elementor-element elementor-element-cc51869 e-flex e-con-boxed e-con e-parent\" data-id=\"cc51869\" data-element_type=\"container\">\n\t\t\t\t\t<div class=\"e-con-inner\">\n\t\t\t\t<div class=\"elementor-element elementor-element-e3940f7 elementor-widget elementor-widget-heading\" data-id=\"e3940f7\" data-element_type=\"widget\" data-widget_type=\"heading.default\">\n\t\t\t\t\t<h2 class=\"elementor-heading-title elementor-size-default\">Kaempfe gegen Freunde und Familie<\/h2>\t\t\t\t<\/div>\n\t\t\t\t\t<\/div>\n\t\t\t\t<\/div>\n\t\t<div class=\"elementor-element elementor-element-124b8aa e-flex e-con-boxed e-con e-parent\" data-id=\"124b8aa\" data-element_type=\"container\">\n\t\t\t\t\t<div class=\"e-con-inner\">\n\t\t<div class=\"elementor-element elementor-element-72ae2ad e-con-full e-flex e-con e-child\" data-id=\"72ae2ad\" data-element_type=\"container\" data-settings=\"{&quot;background_background&quot;:&quot;classic&quot;}\">\n\t\t\t\t<div class=\"elementor-element elementor-element-9c86f51 elementor-widget elementor-widget-image\" data-id=\"9c86f51\" data-element_type=\"widget\" data-widget_type=\"image.default\">\n\t\t\t\t\t\t\t\t\t\t\t\t\t\t\t\t<a href=\"https:\/\/grindelwaldvr.com\/de\/games-party-1-2\/\">\n\t\t\t\t\t\t\t<img decoding=\"async\" width=\"1024\" height=\"768\" src=\"https:\/\/grindelwaldvr.com\/wp-content\/uploads\/2025\/10\/paintbattle_cover_back_2-1024x768.png\" class=\"attachment-large size-large wp-image-300\" alt=\"\" srcset=\"https:\/\/grindelwaldvr.com\/wp-content\/uploads\/2025\/10\/paintbattle_cover_back_2-1024x768.png 1024w, https:\/\/grindelwaldvr.com\/wp-content\/uploads\/2025\/10\/paintbattle_cover_back_2-300x225.png 300w, https:\/\/grindelwaldvr.com\/wp-content\/uploads\/2025\/10\/paintbattle_cover_back_2-768x576.png 768w, https:\/\/grindelwaldvr.com\/wp-content\/uploads\/2025\/10\/paintbattle_cover_back_2-1536x1152.png 1536w, https:\/\/grindelwaldvr.com\/wp-content\/uploads\/2025\/10\/paintbattle_cover_back_2-2048x1536.png 2048w, https:\/\/grindelwaldvr.com\/wp-content\/uploads\/2025\/10\/paintbattle_cover_back_2-600x450.png 600w\" sizes=\"(max-width: 1024px) 100vw, 1024px\" \/>\t\t\t\t\t\t\t\t<\/a>\n\t\t\t\t\t\t\t\t\t\t\t\t\t\t\t<\/div>\n\t\t\t\t<div class=\"elementor-element elementor-element-31426fa elementor-widget__width-inherit elementor-widget elementor-widget-heading\" data-id=\"31426fa\" data-element_type=\"widget\" data-widget_type=\"heading.default\">\n\t\t\t\t\t<h2 class=\"elementor-heading-title elementor-size-default\"><a href=\"\/de\/games-party-1-2\/\">PARTY 1&amp;2<\/a><\/h2>\t\t\t\t<\/div>\n\t\t\t\t<div class=\"elementor-element elementor-element-0caeea1 elementor-widget elementor-widget-text-editor\" data-id=\"0caeea1\" data-element_type=\"widget\" data-widget_type=\"text-editor.default\">\n\t\t\t\t\t\t\t\t\t<p>Mit 22 einsteiger- und familienfreundlichen Spielen zur Auswahl, darunter Farbschlachten, Tanzduelle, Piraten-Tennis, Team-Angeln, Wilder Westen, Magische Bibliothek, Jet-Boxen und K\u00f6nig des Baumes. Ab 6 Jahren.\u00a0\u00a0<\/p>\t\t\t\t\t\t\t\t<\/div>\n\t\t\t\t<\/div>\n\t\t<div class=\"elementor-element elementor-element-1028d2e e-con-full e-flex e-con e-child\" data-id=\"1028d2e\" data-element_type=\"container\">\n\t\t\t\t<div class=\"elementor-element elementor-element-8c3bf02 elementor-widget elementor-widget-image\" data-id=\"8c3bf02\" data-element_type=\"widget\" data-widget_type=\"image.default\">\n\t\t\t\t\t\t\t\t\t\t\t\t\t\t\t\t<a href=\"https:\/\/grindelwaldvr.com\/de\/games-battle\/\">\n\t\t\t\t\t\t\t<img decoding=\"async\" width=\"1024\" height=\"768\" src=\"https:\/\/grindelwaldvr.com\/wp-content\/uploads\/2025\/10\/Battle-screenshoot-3-1-1024x768.png\" class=\"attachment-large size-large wp-image-304\" alt=\"\" srcset=\"https:\/\/grindelwaldvr.com\/wp-content\/uploads\/2025\/10\/Battle-screenshoot-3-1-1024x768.png 1024w, https:\/\/grindelwaldvr.com\/wp-content\/uploads\/2025\/10\/Battle-screenshoot-3-1-300x225.png 300w, https:\/\/grindelwaldvr.com\/wp-content\/uploads\/2025\/10\/Battle-screenshoot-3-1-768x576.png 768w, https:\/\/grindelwaldvr.com\/wp-content\/uploads\/2025\/10\/Battle-screenshoot-3-1-1536x1152.png 1536w, https:\/\/grindelwaldvr.com\/wp-content\/uploads\/2025\/10\/Battle-screenshoot-3-1-2048x1536.png 2048w, https:\/\/grindelwaldvr.com\/wp-content\/uploads\/2025\/10\/Battle-screenshoot-3-1-600x450.png 600w\" sizes=\"(max-width: 1024px) 100vw, 1024px\" \/>\t\t\t\t\t\t\t\t<\/a>\n\t\t\t\t\t\t\t\t\t\t\t\t\t\t\t<\/div>\n\t\t\t\t<div class=\"elementor-element elementor-element-bfbd8e8 elementor-widget elementor-widget-heading\" data-id=\"bfbd8e8\" data-element_type=\"widget\" data-widget_type=\"heading.default\">\n\t\t\t\t\t<h2 class=\"elementor-heading-title elementor-size-default\"><a href=\"\/de\/games-battle\/\">KAMPF<\/a><\/h2>\t\t\t\t<\/div>\n\t\t\t\t<div class=\"elementor-element elementor-element-c660c5f elementor-widget elementor-widget-text-editor\" data-id=\"c660c5f\" data-element_type=\"widget\" data-widget_type=\"text-editor.default\">\n\t\t\t\t\t\t\t\t\t<p>W\u00e4hlen Sie in diesem Fantasy-Themen-Helden-Shooter-Spiel Ihren Charakter und erkunden Sie exotische Welten f\u00fcr wilde epische Showdowns. Alter 9+<\/p>\t\t\t\t\t\t\t\t<\/div>\n\t\t\t\t<\/div>\n\t\t<div class=\"elementor-element elementor-element-138456e e-con-full e-flex e-con e-child\" data-id=\"138456e\" data-element_type=\"container\">\n\t\t\t\t<div class=\"elementor-element elementor-element-37fb08d elementor-widget elementor-widget-image\" data-id=\"37fb08d\" data-element_type=\"widget\" data-widget_type=\"image.default\">\n\t\t\t\t\t\t\t\t\t\t\t\t\t\t\t\t<a href=\"https:\/\/grindelwaldvr.com\/de\/games-tactics\/\">\n\t\t\t\t\t\t\t<img loading=\"lazy\" decoding=\"async\" width=\"1024\" height=\"768\" src=\"https:\/\/grindelwaldvr.com\/wp-content\/uploads\/2025\/10\/TacticMapTokyo_1_night-1024x768.jpg\" class=\"attachment-large size-large wp-image-305\" alt=\"\" srcset=\"https:\/\/grindelwaldvr.com\/wp-content\/uploads\/2025\/10\/TacticMapTokyo_1_night-1024x768.jpg 1024w, https:\/\/grindelwaldvr.com\/wp-content\/uploads\/2025\/10\/TacticMapTokyo_1_night-300x225.jpg 300w, https:\/\/grindelwaldvr.com\/wp-content\/uploads\/2025\/10\/TacticMapTokyo_1_night-768x576.jpg 768w, https:\/\/grindelwaldvr.com\/wp-content\/uploads\/2025\/10\/TacticMapTokyo_1_night-1536x1152.jpg 1536w, https:\/\/grindelwaldvr.com\/wp-content\/uploads\/2025\/10\/TacticMapTokyo_1_night-2048x1536.jpg 2048w, https:\/\/grindelwaldvr.com\/wp-content\/uploads\/2025\/10\/TacticMapTokyo_1_night-600x450.jpg 600w\" sizes=\"(max-width: 1024px) 100vw, 1024px\" \/>\t\t\t\t\t\t\t\t<\/a>\n\t\t\t\t\t\t\t\t\t\t\t\t\t\t\t<\/div>\n\t\t\t\t<div class=\"elementor-element elementor-element-16fd077 elementor-widget elementor-widget-heading\" data-id=\"16fd077\" data-element_type=\"widget\" data-widget_type=\"heading.default\">\n\t\t\t\t\t<h2 class=\"elementor-heading-title elementor-size-default\"><a href=\"\/de\/games-tactics\/\">TAKTIK<\/a><\/h2>\t\t\t\t<\/div>\n\t\t\t\t<div class=\"elementor-element elementor-element-172cf62 elementor-widget elementor-widget-text-editor\" data-id=\"172cf62\" data-element_type=\"widget\" data-widget_type=\"text-editor.default\">\n\t\t\t\t\t\t\t\t\t<p>Waehle deine Waffe, plane mit deinem Team. Intensive, realistische Arena-Kaempfe. Ab 14 Jahren.<\/p>\t\t\t\t\t\t\t\t<\/div>\n\t\t\t\t<\/div>\n\t\t\t\t\t<\/div>\n\t\t\t\t<\/div>\n\t\t<div class=\"elementor-element elementor-element-b42e6f5 e-flex e-con-boxed e-con e-parent\" data-id=\"b42e6f5\" data-element_type=\"container\">\n\t\t\t\t\t<div class=\"e-con-inner\">\n\t\t\t\t<div class=\"elementor-element elementor-element-3062811 elementor-align-center elementor-tablet-align-center elementor-widget elementor-widget-button\" data-id=\"3062811\" data-element_type=\"widget\" data-widget_type=\"button.default\">\n\t\t\t\t\t\t\t\t\t\t<a class=\"elementor-button elementor-button-link elementor-size-sm elementor-animation-shrink\" href=\"https:\/\/grindelwaldvr.com\/de\/see-it-in-action\/\">\n\t\t\t\t\t\t<span class=\"elementor-button-content-wrapper\">\n\t\t\t\t\t\t\t\t\t<span class=\"elementor-button-text\">Sehen Sie es in Aktion!<\/span>\n\t\t\t\t\t<\/span>\n\t\t\t\t\t<\/a>\n\t\t\t\t\t\t\t\t<\/div>\n\t\t\t\t<div class=\"elementor-element elementor-element-25c1d37 elementor-align-center elementor-tablet-align-center elementor-widget elementor-widget-button\" data-id=\"25c1d37\" data-element_type=\"widget\" data-widget_type=\"button.default\">\n\t\t\t\t\t\t\t\t\t\t<a class=\"elementor-button elementor-button-link elementor-size-sm elementor-animation-shrink\" href=\"https:\/\/grindelwaldvr.com\/de\/faq\/\">\n\t\t\t\t\t\t<span class=\"elementor-button-content-wrapper\">\n\t\t\t\t\t\t\t\t\t<span class=\"elementor-button-text\">H\u00e4ufig gestellte Fragen<\/span>\n\t\t\t\t\t<\/span>\n\t\t\t\t\t<\/a>\n\t\t\t\t\t\t\t\t<\/div>\n\t\t\t\t<div class=\"elementor-element elementor-element-d1a405e elementor-align-center elementor-tablet-align-center elementor-widget elementor-widget-button\" data-id=\"d1a405e\" data-element_type=\"widget\" data-widget_type=\"button.default\">\n\t\t\t\t\t\t\t\t\t\t<a class=\"elementor-button elementor-button-link elementor-size-sm elementor-animation-shrink\" href=\"https:\/\/grindelwaldvr.com\/de\/book-a-session-tourismus\/\">\n\t\t\t\t\t\t<span class=\"elementor-button-content-wrapper\">\n\t\t\t\t\t\t\t\t\t<span class=\"elementor-button-text\">Jetzt Buchen<\/span>\n\t\t\t\t\t<\/span>\n\t\t\t\t\t<\/a>\n\t\t\t\t\t\t\t\t<\/div>\n\t\t\t\t\t<\/div>\n\t\t\t\t<\/div>\n\t\t<div class=\"elementor-element elementor-element-44963e3 e-flex e-con-boxed e-con e-parent\" data-id=\"44963e3\" data-element_type=\"container\">\n\t\t\t\t\t<div class=\"e-con-inner\">\n\t\t\t\t<div class=\"elementor-element elementor-element-af05f0f elementor-widget__width-initial elementor-widget elementor-widget-google_maps\" data-id=\"af05f0f\" data-element_type=\"widget\" data-widget_type=\"google_maps.default\">\n\t\t\t\t\t\t\t<div class=\"elementor-custom-embed\">\n\t\t\t<iframe loading=\"lazy\"\n\t\t\t\t\tsrc=\"https:\/\/maps.google.com\/maps?q=Grindelwald%20VR&#038;t=m&#038;z=14&#038;output=embed&#038;iwloc=near\"\n\t\t\t\t\ttitle=\"Grindelwald VR\"\n\t\t\t\t\taria-label=\"Grindelwald VR\"\n\t\t\t><\/iframe>\n\t\t<\/div>\n\t\t\t\t\t\t<\/div>\n\t\t\t\t\t<\/div>\n\t\t\t\t<\/div>\n\t\t<div class=\"elementor-element elementor-element-c7dce33 e-flex e-con-boxed e-con e-parent\" data-id=\"c7dce33\" data-element_type=\"container\">\n\t\t\t\t\t<div class=\"e-con-inner\">\n\t\t\t\t<div class=\"elementor-element elementor-element-df27c44 elementor-widget elementor-widget-heading\" data-id=\"df27c44\" data-element_type=\"widget\" data-widget_type=\"heading.default\">\n\t\t\t\t\t<h2 class=\"elementor-heading-title elementor-size-default\">Spiele werden nach Ihren W\u00fcnschen programmiert<\/h2>\t\t\t\t<\/div>\n\t\t\t\t<div class=\"elementor-element elementor-element-266a8bf elementor-widget elementor-widget-html\" data-id=\"266a8bf\" data-element_type=\"widget\" data-widget_type=\"html.default\">\n\t\t\t\t\t<style>\r\n\/* A self-contained block that won't let following content slide under it *\/\r\n.vr-video-wrapper{\r\n  max-width: 760px;              \/* desktop size *\/\r\n  margin: 0 auto;\r\n  display: grid;\r\n  gap: 16px;\r\n\r\n  \/* flow + stacking safety *\/\r\n  clear: both;\r\n  isolation: isolate;\r\n}\r\n\r\n\/* More reliable responsive sizing than padding-bottom *\/\r\n.vr-video{\r\n  position: relative;\r\n  width: 100%;\r\n  aspect-ratio: 16 \/ 9;\r\n  background: #000;\r\n  overflow: hidden;\r\n}\r\n\r\n\/* Fill wrapper *\/\r\n.vr-video iframe{\r\n  position: absolute;\r\n  inset: 0;\r\n  width: 100%;\r\n  height: 100%;\r\n  border: 0;\r\n}\r\n\r\n\/* Bottom row: Battle + Tactics *\/\r\n.vr-video-row{\r\n  display: grid;\r\n  gap: 16px;\r\n}\r\n\r\n\/* Desktop layout *\/\r\n@media (min-width: 768px){\r\n  .vr-video-row{\r\n    grid-template-columns: 1fr 1fr;\r\n  }\r\n}\r\n\r\n\/* Extra safety: make sure the block contributes spacing below on mobile *\/\r\n.vr-after-space{\r\n  height: 24px;   \/* creates guaranteed space below videos *\/\r\n}\r\n<\/style>\r\n\r\n<div class=\"vr-video-wrapper\">\r\n\r\n  <!-- PARTY \/ EXPLORATION -->\r\n  <div class=\"vr-video\">\r\n    <iframe\r\n      src=\"https:\/\/www.youtube.com\/embed\/3GXTXZ2vEqg?modestbranding=1&rel=0&playsinline=1\"\r\n      allow=\"accelerometer; clipboard-write; encrypted-media; gyroscope; picture-in-picture\"\r\n      allowfullscreen>\r\n    <\/iframe>\r\n  <\/div>\r\n\r\n  <!-- BATTLE + TACTICS -->\r\n  <div class=\"vr-video-row\">\r\n\r\n    <div class=\"vr-video\">\r\n      <iframe\r\n        src=\"https:\/\/www.youtube.com\/embed\/2lRhGX-YG8U?start=5&modestbranding=1&rel=0&playsinline=1\"\r\n        allow=\"accelerometer; clipboard-write; encrypted-media; gyroscope; picture-in-picture\"\r\n        allowfullscreen>\r\n      <\/iframe>\r\n    <\/div>\r\n\r\n    <div class=\"vr-video\">\r\n      <iframe\r\n        src=\"https:\/\/www.youtube.com\/embed\/wkD-M0UrqM8?modestbranding=1&rel=0&playsinline=1\"\r\n        allow=\"accelerometer; clipboard-write; encrypted-media; gyroscope; picture-in-picture\"\r\n        allowfullscreen>\r\n      <\/iframe>\r\n    <\/div>\r\n\r\n  <\/div>\r\n\r\n  <!-- guaranteed spacing so the next Elementor container renders below -->\r\n  <div class=\"vr-after-space\"><\/div>\r\n\r\n<\/div>\r\n\t\t\t\t<\/div>\n\t\t\t\t\t<\/div>\n\t\t\t\t<\/div>\n\t\t<div class=\"elementor-element elementor-element-9812866 e-flex e-con-boxed e-con e-parent\" data-id=\"9812866\" data-element_type=\"container\">\n\t\t\t\t\t<div class=\"e-con-inner\">\n\t\t\t\t<div class=\"elementor-element elementor-element-b760bfd elementor-widget elementor-widget-text-editor\" data-id=\"b760bfd\" data-element_type=\"widget\" data-widget_type=\"text-editor.default\">\n\t\t\t\t\t\t\t\t\t<p><span style=\"font-style: inherit; font-weight: inherit; letter-spacing: 0px;\">Grindelwald VR (Virtual Paradiso GmbH) \u00b7 110 Dorfstrasse, 3818 Grindelwald \u00b7 contact@grindelwaldvr.com \u00b7 Buchungen nicht erstattungsf\u00e4hig \u00b7 Es gilt schweizerisches Recht<\/span><\/p><p><a href=\"https:\/\/grindelwaldvr.com\/de\/terms\/\">Allgemeine Gesch\u00e4ftsbedingungen<\/a>\u00a0\u00b7\u00a0<a href=\"https:\/\/grindelwaldvr.com\/de\/privacy\/\">Datenschutz<\/a><\/p><p>Alle Aktivit\u00e4ten dienen dem Vergn\u00fcgen und der Sicherheit der Teilnehmenden. Kinder unter 16 Jahren m\u00fcssen von einer Elternperson oder einer erziehungsberechtigten Person beaufsichtigt werden. Preise und Zeitpl\u00e4ne k\u00f6nnen sich \u00e4ndern.<\/p><p style=\"font-size: 12px; font-style: normal; font-weight: 500;\">\u00a9 2026 Virtual Paradiso GmbH. alle Rechte vorbehalten.<\/p>\t\t\t\t\t\t\t\t<\/div>\n\t\t\t\t\t<\/div>\n\t\t\t\t<\/div>\n\t\t\t\t<\/div>","protected":false},"excerpt":{"rendered":"<p>Book Now \u00a0 Virtual Reality in Grindelwald New at the Grindelwald Sportzentrum! In our VR Arena you can experience the [&hellip;]<\/p>","protected":false},"author":1,"featured_media":0,"parent":0,"menu_order":0,"comment_status":"closed","ping_status":"closed","template":"","meta":{"site-sidebar-layout":"default","site-content-layout":"","ast-site-content-layout":"default","site-content-style":"default","site-sidebar-style":"default","ast-global-header-display":"","ast-banner-title-visibility":"","ast-main-header-display":"","ast-hfb-above-header-display":"","ast-hfb-below-header-display":"","ast-hfb-mobile-header-display":"","site-post-title":"","ast-breadcrumbs-content":"","ast-featured-img":"","footer-sml-layout":"","theme-transparent-header-meta":"","adv-header-id-meta":"","stick-header-meta":"","header-above-stick-meta":"","header-main-stick-meta":"","header-below-stick-meta":"","astra-migrate-meta-layouts":"default","ast-page-background-enabled":"default","ast-page-background-meta":{"desktop":{"background-color":"var(--ast-global-color-5)","background-image":"","background-repeat":"repeat","background-position":"center center","background-size":"auto","background-attachment":"scroll","background-type":"","background-media":"","overlay-type":"","overlay-color":"","overlay-opacity":"","overlay-gradient":""},"tablet":{"background-color":"","background-image":"","background-repeat":"repeat","background-position":"center center","background-size":"auto","background-attachment":"scroll","background-type":"","background-media":"","overlay-type":"","overlay-color":"","overlay-opacity":"","overlay-gradient":""},"mobile":{"background-color":"","background-image":"","background-repeat":"repeat","background-position":"center center","background-size":"auto","background-attachment":"scroll","background-type":"","background-media":"","overlay-type":"","overlay-color":"","overlay-opacity":"","overlay-gradient":""}},"ast-content-background-meta":{"desktop":{"background-color":"var(--ast-global-color-4)","background-image":"","background-repeat":"repeat","background-position":"center center","background-size":"auto","background-attachment":"scroll","background-type":"","background-media":"","overlay-type":"","overlay-color":"","overlay-opacity":"","overlay-gradient":""},"tablet":{"background-color":"var(--ast-global-color-4)","background-image":"","background-repeat":"repeat","background-position":"center center","background-size":"auto","background-attachment":"scroll","background-type":"","background-media":"","overlay-type":"","overlay-color":"","overlay-opacity":"","overlay-gradient":""},"mobile":{"background-color":"var(--ast-global-color-4)","background-image":"","background-repeat":"repeat","background-position":"center center","background-size":"auto","background-attachment":"scroll","background-type":"","background-media":"","overlay-type":"","overlay-color":"","overlay-opacity":"","overlay-gradient":""}},"footnotes":""},"class_list":["post-2313","page","type-page","status-publish","hentry"],"_hostinger_reach_plugin_has_subscription_block":false,"_hostinger_reach_plugin_is_elementor":false,"_links":{"self":[{"href":"https:\/\/grindelwaldvr.com\/de\/wp-json\/wp\/v2\/pages\/2313","targetHints":{"allow":["GET"]}}],"collection":[{"href":"https:\/\/grindelwaldvr.com\/de\/wp-json\/wp\/v2\/pages"}],"about":[{"href":"https:\/\/grindelwaldvr.com\/de\/wp-json\/wp\/v2\/types\/page"}],"author":[{"embeddable":true,"href":"https:\/\/grindelwaldvr.com\/de\/wp-json\/wp\/v2\/users\/1"}],"replies":[{"embeddable":true,"href":"https:\/\/grindelwaldvr.com\/de\/wp-json\/wp\/v2\/comments?post=2313"}],"version-history":[{"count":72,"href":"https:\/\/grindelwaldvr.com\/de\/wp-json\/wp\/v2\/pages\/2313\/revisions"}],"predecessor-version":[{"id":2457,"href":"https:\/\/grindelwaldvr.com\/de\/wp-json\/wp\/v2\/pages\/2313\/revisions\/2457"}],"wp:attachment":[{"href":"https:\/\/grindelwaldvr.com\/de\/wp-json\/wp\/v2\/media?parent=2313"}],"curies":[{"name":"wp","href":"https:\/\/api.w.org\/{rel}","templated":true}]}}