{"id":2030,"date":"2026-01-28T07:23:26","date_gmt":"2026-01-28T06:23:26","guid":{"rendered":"https:\/\/grindelwaldvr.com\/?page_id=2030"},"modified":"2026-02-19T21:42:13","modified_gmt":"2026-02-19T20:42:13","slug":"games-party-1-2","status":"publish","type":"page","link":"https:\/\/grindelwaldvr.com\/de\/games-party-1-2\/","title":{"rendered":"Party 1 &amp; 2"},"content":{"rendered":"<div data-elementor-type=\"wp-page\" data-elementor-id=\"2030\" class=\"elementor elementor-2030\" data-elementor-post-type=\"page\">\n\t\t\t\t<div class=\"elementor-element elementor-element-b95d286 e-con-full e-flex e-con e-parent\" data-id=\"b95d286\" data-element_type=\"container\" data-settings=\"{&quot;background_background&quot;:&quot;classic&quot;}\">\n\t\t\t\t<div class=\"elementor-element elementor-element-892d4c4 elementor-widget elementor-widget-image\" data-id=\"892d4c4\" data-element_type=\"widget\" data-widget_type=\"image.default\">\n\t\t\t\t\t\t\t\t\t\t\t\t\t\t\t\t<a href=\"https:\/\/grindelwaldvr.com\/de\/\">\n\t\t\t\t\t\t\t<img fetchpriority=\"high\" decoding=\"async\" width=\"2560\" height=\"515\" src=\"https:\/\/grindelwaldvr.com\/wp-content\/uploads\/2026\/01\/grindelwald_vr_banner_2x-scaled.webp\" class=\"attachment-full size-full wp-image-1699\" alt=\"\" srcset=\"https:\/\/grindelwaldvr.com\/wp-content\/uploads\/2026\/01\/grindelwald_vr_banner_2x-scaled.webp 2560w, https:\/\/grindelwaldvr.com\/wp-content\/uploads\/2026\/01\/grindelwald_vr_banner_2x-300x60.webp 300w, https:\/\/grindelwaldvr.com\/wp-content\/uploads\/2026\/01\/grindelwald_vr_banner_2x-1024x206.webp 1024w, https:\/\/grindelwaldvr.com\/wp-content\/uploads\/2026\/01\/grindelwald_vr_banner_2x-768x155.webp 768w, https:\/\/grindelwaldvr.com\/wp-content\/uploads\/2026\/01\/grindelwald_vr_banner_2x-1536x309.webp 1536w, https:\/\/grindelwaldvr.com\/wp-content\/uploads\/2026\/01\/grindelwald_vr_banner_2x-2048x412.webp 2048w\" sizes=\"(max-width: 2560px) 100vw, 2560px\" \/>\t\t\t\t\t\t\t\t<\/a>\n\t\t\t\t\t\t\t\t\t\t\t\t\t\t\t<\/div>\n\t\t\t\t<div class=\"elementor-element elementor-element-f3b7e86 elementor-widget elementor-widget-heading\" data-id=\"f3b7e86\" data-element_type=\"widget\" data-widget_type=\"heading.default\">\n\t\t\t\t\t<h2 class=\"elementor-heading-title elementor-size-default\">Party 1 &amp; 2 - \u00dcber die Spiele<\/h2>\t\t\t\t<\/div>\n\t\t\t\t<div class=\"elementor-element elementor-element-625c562 elementor-widget elementor-widget-video\" data-id=\"625c562\" data-element_type=\"widget\" data-settings=\"{&quot;youtube_url&quot;:&quot;https:\\\/\\\/youtu.be\\\/ZGI0spRXo-A?si=Bco43qIL2e5HhjLo&amp;t=25&quot;,&quot;video_type&quot;:&quot;youtube&quot;,&quot;controls&quot;:&quot;yes&quot;}\" data-widget_type=\"video.default\">\n\t\t\t\t\t\t\t<div class=\"elementor-wrapper elementor-open-inline\">\n\t\t\t<div class=\"elementor-video\"><\/div>\t\t<\/div>\n\t\t\t\t\t\t<\/div>\n\t\t\t\t<\/div>\n\t\t<div class=\"elementor-element elementor-element-6a46e51 e-flex e-con-boxed e-con e-parent\" data-id=\"6a46e51\" data-element_type=\"container\">\n\t\t\t\t\t<div class=\"e-con-inner\">\n\t\t\t\t<div class=\"elementor-element elementor-element-75eb094 elementor-arrows-position-outside elementor-pagination-position-outside elementor-widget elementor-widget-image-carousel\" data-id=\"75eb094\" data-element_type=\"widget\" data-settings=\"{&quot;slides_to_show&quot;:&quot;2&quot;,&quot;navigation&quot;:&quot;both&quot;,&quot;autoplay&quot;:&quot;yes&quot;,&quot;pause_on_hover&quot;:&quot;yes&quot;,&quot;pause_on_interaction&quot;:&quot;yes&quot;,&quot;autoplay_speed&quot;:5000,&quot;infinite&quot;:&quot;yes&quot;,&quot;speed&quot;:500,&quot;image_spacing_custom&quot;:{&quot;unit&quot;:&quot;px&quot;,&quot;size&quot;:20,&quot;sizes&quot;:[]},&quot;image_spacing_custom_tablet&quot;:{&quot;unit&quot;:&quot;px&quot;,&quot;size&quot;:&quot;&quot;,&quot;sizes&quot;:[]},&quot;image_spacing_custom_mobile&quot;:{&quot;unit&quot;:&quot;px&quot;,&quot;size&quot;:&quot;&quot;,&quot;sizes&quot;:[]}}\" data-widget_type=\"image-carousel.default\">\n\t\t\t\t\t\t\t<div class=\"elementor-image-carousel-wrapper swiper\" role=\"region\" aria-roledescription=\"carousel\" aria-label=\"Image Carousel\" dir=\"ltr\">\n\t\t\t<div class=\"elementor-image-carousel swiper-wrapper\" aria-live=\"off\">\n\t\t\t\t\t\t\t\t<div class=\"swiper-slide\" role=\"group\" aria-roledescription=\"slide\" aria-label=\"1 of 11\"><figure class=\"swiper-slide-inner\"><img decoding=\"async\" class=\"swiper-slide-image\" src=\"https:\/\/grindelwaldvr.com\/wp-content\/uploads\/2026\/01\/party-2-urban-boxing.png\" alt=\"Urban Boxing In this exciting head-to-head boxing battle game, use your shield and teleport with your retractable shooting glove!\" \/><figcaption class=\"elementor-image-carousel-caption\"><strong>Urban Boxing<\/strong><br \/> In diesem spannenden 1-gegen-1-Boxkampf nutzt du deinen Schild und teleportierst dich mit deinem einziehbaren Schiesshandschuh!<\/figcaption><\/figure><\/div><div class=\"swiper-slide\" role=\"group\" aria-roledescription=\"slide\" aria-label=\"2 of 11\"><figure class=\"swiper-slide-inner\"><img decoding=\"async\" class=\"swiper-slide-image\" src=\"https:\/\/grindelwaldvr.com\/wp-content\/uploads\/2026\/01\/party-2-wild-west.png\" alt=\"Wild WestA shooter, in which you need to shoot only at the hats on the opponents\u2019 heads. The game also has destructible objects so that the player can clear his way to the  goal. The goal is to knock as many hats off the opponents\u2019 head as possible. If the player  knocks off many hats in 1 life, then their hat also increases, making them an easy target.\" \/><figcaption class=\"elementor-image-carousel-caption\"><strong>Wild West<\/strong><br \/>Ein Sch\u00fctze, bei dem Sie nur auf die H\u00fcte auf den K\u00f6pfen der Gegner schie\u00dfen m\u00fcssen. Das Spiel hat auch zerst\u00f6rbare Objekte, so dass der Spieler seinen Weg zum Ziel frei machen kann. Das Ziel ist es, so viele H\u00fcte wie m\u00f6glich vom Kopf der Gegner zu schlagen. Wenn der Spieler in 1 Leben viele H\u00fcte abschl\u00e4gt, erh\u00f6ht sich auch sein Hut, was ihn zu einem leichten Ziel macht.<\/figcaption><\/figure><\/div><div class=\"swiper-slide\" role=\"group\" aria-roledescription=\"slide\" aria-label=\"3 of 11\"><figure class=\"swiper-slide-inner\"><img decoding=\"async\" class=\"swiper-slide-image\" src=\"https:\/\/grindelwaldvr.com\/wp-content\/uploads\/2026\/01\/party-2-dance-battle.png\" alt=\"Dance BattleIn the middle of the game field there are two avatar dancers who show the  moves to the players. The in-game announcer tells players when to watch the moves and  when to repeat them. If the player makes the move exactly on time, he will get +3 points,  if slightly off, +1.\" \/><figcaption class=\"elementor-image-carousel-caption\"><strong>Dance Battle<\/strong><br \/>In der Mitte des Spielfeldes gibt es zwei Avatar-T\u00e4nzer, die den Spielern die Bewegungen zeigen. Der Ansager im Spiel sagt den Spielern, wann sie die Bewegungen beobachten und wann sie sie wiederholen sollen. Wenn der Spieler den Zug genau rechtzeitig macht, erh\u00e4lt er +3 Punkte, wenn er leicht daneben ist, +1.<\/figcaption><\/figure><\/div><div class=\"swiper-slide\" role=\"group\" aria-roledescription=\"slide\" aria-label=\"4 of 11\"><figure class=\"swiper-slide-inner\"><img decoding=\"async\" class=\"swiper-slide-image\" src=\"https:\/\/grindelwaldvr.com\/wp-content\/uploads\/2026\/01\/party-2-shark-pool.png\" alt=\"Shark PoolA balcony mode in which players need to catch swimmers from the pool using  a gun with a ring lifebuoy in his right hand. For each catch, the player gets points. There  are 3 levels in the game, each changing in time. The longer you play, the harder it is to hit, but the more points you get for success. If players hit a shark - minus one point to  their team.\" \/><figcaption class=\"elementor-image-carousel-caption\"><strong>Shark Pool<\/strong><br \/>Ein Balkonmodus, in dem Spieler Schwimmer mit einer Waffe mit einer Rettungsring-Boje in der rechten Hand aus dem Pool fangen m\u00fcssen. F\u00fcr jeden Fang erh\u00e4lt der Spieler Punkte. Es gibt 3 Level im Spiel, von denen sich jede mit der Zeit \u00e4ndert. Je l\u00e4nger Sie spielen, desto schwieriger ist es zu treffen, aber desto mehr Punkte erhalten Sie f\u00fcr den Erfolg. Wenn Spieler einen Hai treffen - minus einen Punkt f\u00fcr ihr Team.<\/figcaption><\/figure><\/div><div class=\"swiper-slide\" role=\"group\" aria-roledescription=\"slide\" aria-label=\"5 of 11\"><figure class=\"swiper-slide-inner\"><img decoding=\"async\" class=\"swiper-slide-image\" src=\"https:\/\/grindelwaldvr.com\/wp-content\/uploads\/2026\/01\/party-2-robot-factory.png\" alt=\"Robot FactoryIt is a match3 mode in which players have to shoot parts of different  shapes and colors from a gun at the same parts on the field in the center of the map.  Parts of the same color and shape can stand next to each other on the field, and the more  of the same ones next to each other - the better for the player. The more parts they remove at once, the more points the team gets. At the end, the number of points received  by the teams is converted into robot health and they begin the battle. Whoever kills the  enemy robot first is the winner. Players can help the robot by shooting laser pistols at the  enemy\u2019s robot.\" \/><figcaption class=\"elementor-image-carousel-caption\"><strong>Robot Factory<\/strong><br \/>\nEs ist ein Match3-Modus, in dem Spieler Teile unterschiedlicher Formen und Farben aus einer Waffe an denselben Stellen auf dem Feld in der Mitte der Karte schie\u00dfen m\u00fcssen. Teile der gleichen Farbe und Form k\u00f6nnen auf dem Spielfeld nebeneinander stehen, und je mehr die gleichen nebeneinander stehen - desto besser f\u00fcr den Spieler. Je mehr Teile sie auf einmal entfernen, desto mehr Punkte erh\u00e4lt das Team. Am Ende wird die Anzahl der Punkte, die die Teams erhalten, in Robotergesundheit umgewandelt und sie beginnen den Kampf. Wer zuerst den feindlichen Roboter t\u00f6tet, ist der Gewinner. Spieler k\u00f6nnen dem Roboter helfen, indem sie Laserpistolen auf den Roboter des Feindes schie\u00dfen. <\/figcaption><\/figure><\/div><div class=\"swiper-slide\" role=\"group\" aria-roledescription=\"slide\" aria-label=\"6 of 11\"><figure class=\"swiper-slide-inner\"><img decoding=\"async\" class=\"swiper-slide-image\" src=\"https:\/\/grindelwaldvr.com\/wp-content\/uploads\/2026\/01\/party-2-king-of-the-tree.png\" alt=\"King of the TreeA PVP shooter game. Players need to shoot only at the beanies on the  opponents\u2019 heads. The goal is to knock as many beanies off the opponents\u2019 heads as  possible. Also, bubbles with weapons appear on the map, picking them up, players shoot  with different guns.\" \/><figcaption class=\"elementor-image-carousel-caption\"><strong>King of the Tree<\/strong><br \/>Ein PVP-Shooter-Spiel. Die Spieler m\u00fcssen nur auf die M\u00fctzen auf den K\u00f6pfen der Gegner schie\u00dfen. Das Ziel ist es, so viele M\u00fctzen wie m\u00f6glich von den K\u00f6pfen der Gegner zu schlagen. Au\u00dferdem erscheinen Blasen mit Waffen auf der Karte, die sie aufheben, Spieler schie\u00dfen mit verschiedenen Waffen.<\/figcaption><\/figure><\/div><div class=\"swiper-slide\" role=\"group\" aria-roledescription=\"slide\" aria-label=\"7 of 11\"><figure class=\"swiper-slide-inner\"><img decoding=\"async\" class=\"swiper-slide-image\" src=\"https:\/\/grindelwaldvr.com\/wp-content\/uploads\/2026\/01\/party-2-woodcutters.png\" alt=\"WoodcuttersThe players&#039; task is to chop down as many trees as possible. The trees  will respawn after a few seconds.\" \/><figcaption class=\"elementor-image-carousel-caption\"><strong>Woodcutters<\/strong><br \/>Die Aufgabe der Spieler ist es, so viele B\u00e4ume wie m\u00f6glich zu f\u00e4llen. Die B\u00e4ume werden nach ein paar Sekunden wieder auftauchen. <\/figcaption><\/figure><\/div><div class=\"swiper-slide\" role=\"group\" aria-roledescription=\"slide\" aria-label=\"8 of 11\"><figure class=\"swiper-slide-inner\"><img decoding=\"async\" class=\"swiper-slide-image\" src=\"https:\/\/grindelwaldvr.com\/wp-content\/uploads\/2026\/01\/party-2-fire-flies.png\" alt=\"Fire FliesA mode in which the player uses a can in his right hand to catch fireflies flying  around. For each of them, the player gets a point. The goal is to get more points.\" \/><figcaption class=\"elementor-image-carousel-caption\"><strong>Fire Flies<\/strong><br \/>Ein Modus, in dem der Spieler eine Dose in seiner rechten Hand benutzt, um Gl\u00fchw\u00fcrmchen zu fangen, die herumfliegen. F\u00fcr jeden von ihnen erh\u00e4lt der Spieler einen Punkt. Das Ziel ist es, mehr Punkte zu bekommen. <\/figcaption><\/figure><\/div><div class=\"swiper-slide\" role=\"group\" aria-roledescription=\"slide\" aria-label=\"9 of 11\"><figure class=\"swiper-slide-inner\"><img decoding=\"async\" class=\"swiper-slide-image\" src=\"https:\/\/grindelwaldvr.com\/wp-content\/uploads\/2026\/01\/party-2-pirate-tennis.png\" alt=\"Pirate TennisAnother balcony mode, in which players need to hit cannonballs flying at  their ship. The faster and smaller the cannonball, the more points the player will get. Each  time the cannonball is hit, it gets faster. Cannonballs are different. The goal is to score  more points.\" \/><figcaption class=\"elementor-image-carousel-caption\"><strong>Pirate Tennis<\/strong><br \/>Ein weiterer Balkonmodus, in dem Spieler Kanonenkugeln treffen m\u00fcssen, die auf ihr Schiff fliegen. Je schneller und kleiner die Kanonenkugel, desto mehr Punkte erh\u00e4lt der Spieler. Jedes Mal, wenn die Kanonenkugel getroffen wird, wird sie schneller. Kanonenkugeln sind anders. Das Ziel ist es, mehr Punkte zu erzielen.<\/figcaption><\/figure><\/div><div class=\"swiper-slide\" role=\"group\" aria-roledescription=\"slide\" aria-label=\"10 of 11\"><figure class=\"swiper-slide-inner\"><img decoding=\"async\" class=\"swiper-slide-image\" src=\"https:\/\/grindelwaldvr.com\/wp-content\/uploads\/2026\/01\/party-2-animal-snap.png\" alt=\"Animal Snap In this mode, players have to take pictures of animals with the phone in  their right hand, pressing the trigger. In their left hand, players have a notepad with a list  of animals they need to photograph. This can be done in any order, as soon as the player  photographs an animal, it will disappear from the list and be replaced by a new one. For  each animal, the player gets +1 point. And for difficult ones +2 points.\" \/><figcaption class=\"elementor-image-carousel-caption\"><strong>Animal Snap<\/strong> <br \/>In diesem Modus m\u00fcssen Spieler Fotos von Tieren mit dem Telefon in der rechten Hand machen, indem sie den Abzug bet\u00e4tigen. In der linken Hand haben die Spieler einen Notizblock mit einer Liste von Tieren, die sie fotografieren m\u00fcssen. Dies kann in beliebiger Reihenfolge erfolgen, sobald der Spieler ein Tier fotografiert, verschwindet es aus der Liste und wird durch ein neues ersetzt. F\u00fcr jedes Tier erh\u00e4lt der Spieler +1 Punkt. Und f\u00fcr schwierige +2 Punkte.<\/figcaption><\/figure><\/div><div class=\"swiper-slide\" role=\"group\" aria-roledescription=\"slide\" aria-label=\"11 of 11\"><figure class=\"swiper-slide-inner\"><img decoding=\"async\" class=\"swiper-slide-image\" src=\"https:\/\/grindelwaldvr.com\/wp-content\/uploads\/2026\/01\/party-2-dino-pizza.png\" alt=\"Dino PizzaA mode where players need to shoot pizza at dinosaurs to feed them. You  can also shoot at your opponent, which will make their belly grow and they will have to  return to the base to lose weight, or hide from the opponent to lose weight over time. For  each dinosaur fed, the player gets points. The goal is to get more points.\" \/><figcaption class=\"elementor-image-carousel-caption\"><strong>Dino Pizza<\/strong><br \/>Ein Modus, in dem Spieler Pizza auf Dinosaurier schie\u00dfen m\u00fcssen, um sie zu f\u00fcttern. Sie k\u00f6nnen auch auf Ihren Gegner schie\u00dfen, wodurch sein Bauch w\u00e4chst und er zur Basis zur\u00fcckkehren muss, um Gewicht zu verlieren, oder sich vor dem Gegner verstecken muss, um im Laufe der Zeit Gewicht zu verlieren. F\u00fcr jeden Dinosaurier, der gef\u00fcttert wird, erh\u00e4lt der Spieler Punkte. Das Ziel ist es, mehr Punkte zu bekommen. <\/figcaption><\/figure><\/div>\t\t\t<\/div>\n\t\t\t\t\t\t\t\t\t\t\t\t<div class=\"elementor-swiper-button elementor-swiper-button-prev\" role=\"button\" tabindex=\"0\">\n\t\t\t\t\t\t<svg aria-hidden=\"true\" class=\"e-font-icon-svg e-eicon-chevron-left\" viewbox=\"0 0 1000 1000\" xmlns=\"http:\/\/www.w3.org\/2000\/svg\"><path d=\"M646 125C629 125 613 133 604 142L308 442C296 454 292 471 292 487 292 504 296 521 308 533L604 854C617 867 629 875 646 875 663 875 679 871 692 858 704 846 713 829 713 812 713 796 708 779 692 767L438 487 692 225C700 217 708 204 708 187 708 171 704 154 692 142 675 129 663 125 646 125Z\"><\/path><\/svg>\t\t\t\t\t<\/div>\n\t\t\t\t\t<div class=\"elementor-swiper-button elementor-swiper-button-next\" role=\"button\" tabindex=\"0\">\n\t\t\t\t\t\t<svg aria-hidden=\"true\" class=\"e-font-icon-svg e-eicon-chevron-right\" viewbox=\"0 0 1000 1000\" xmlns=\"http:\/\/www.w3.org\/2000\/svg\"><path d=\"M696 533C708 521 713 504 713 487 713 471 708 454 696 446L400 146C388 133 375 125 354 125 338 125 325 129 313 142 300 154 292 171 292 187 292 204 296 221 308 233L563 492 304 771C292 783 288 800 288 817 288 833 296 850 308 863 321 871 338 875 354 875 371 875 388 867 400 854L696 533Z\"><\/path><\/svg>\t\t\t\t\t<\/div>\n\t\t\t\t\n\t\t\t\t\t\t\t\t\t<div class=\"swiper-pagination\"><\/div>\n\t\t\t\t\t\t\t\t\t<\/div>\n\t\t\t\t\t\t<\/div>\n\t\t\t\t<div class=\"elementor-element elementor-element-63a7039 elementor-widget elementor-widget-video\" data-id=\"63a7039\" data-element_type=\"widget\" data-settings=\"{&quot;youtube_url&quot;:&quot;https:\\\/\\\/youtu.be\\\/3GXTXZ2vEqg?si=OzpjrrAtBwp_zP45&quot;,&quot;video_type&quot;:&quot;youtube&quot;,&quot;controls&quot;:&quot;yes&quot;}\" data-widget_type=\"video.default\">\n\t\t\t\t\t\t\t<div class=\"elementor-wrapper elementor-open-inline\">\n\t\t\t<div class=\"elementor-video\"><\/div>\t\t<\/div>\n\t\t\t\t\t\t<\/div>\n\t\t\t\t\t<\/div>\n\t\t\t\t<\/div>\n\t\t\t\t<\/div>","protected":false},"excerpt":{"rendered":"<p>Party 1 &amp; 2 &#8211; About the Games https:\/\/youtu.be\/ZGI0spRXo-A?si=Bco43qIL2e5HhjLo&#038;t=25 Urban Boxing In this exciting head-to-head boxing battle game, use your [&hellip;]<\/p>","protected":false},"author":1,"featured_media":0,"parent":0,"menu_order":0,"comment_status":"closed","ping_status":"closed","template":"","meta":{"site-sidebar-layout":"default","site-content-layout":"","ast-site-content-layout":"default","site-content-style":"default","site-sidebar-style":"default","ast-global-header-display":"","ast-banner-title-visibility":"","ast-main-header-display":"","ast-hfb-above-header-display":"","ast-hfb-below-header-display":"","ast-hfb-mobile-header-display":"","site-post-title":"","ast-breadcrumbs-content":"","ast-featured-img":"","footer-sml-layout":"","theme-transparent-header-meta":"","adv-header-id-meta":"","stick-header-meta":"","header-above-stick-meta":"","header-main-stick-meta":"","header-below-stick-meta":"","astra-migrate-meta-layouts":"default","ast-page-background-enabled":"default","ast-page-background-meta":{"desktop":{"background-color":"var(--ast-global-color-5)","background-image":"","background-repeat":"repeat","background-position":"center center","background-size":"auto","background-attachment":"scroll","background-type":"","background-media":"","overlay-type":"","overlay-color":"","overlay-opacity":"","overlay-gradient":""},"tablet":{"background-color":"","background-image":"","background-repeat":"repeat","background-position":"center center","background-size":"auto","background-attachment":"scroll","background-type":"","background-media":"","overlay-type":"","overlay-color":"","overlay-opacity":"","overlay-gradient":""},"mobile":{"background-color":"","background-image":"","background-repeat":"repeat","background-position":"center center","background-size":"auto","background-attachment":"scroll","background-type":"","background-media":"","overlay-type":"","overlay-color":"","overlay-opacity":"","overlay-gradient":""}},"ast-content-background-meta":{"desktop":{"background-color":"var(--ast-global-color-4)","background-image":"","background-repeat":"repeat","background-position":"center center","background-size":"auto","background-attachment":"scroll","background-type":"","background-media":"","overlay-type":"","overlay-color":"","overlay-opacity":"","overlay-gradient":""},"tablet":{"background-color":"var(--ast-global-color-4)","background-image":"","background-repeat":"repeat","background-position":"center center","background-size":"auto","background-attachment":"scroll","background-type":"","background-media":"","overlay-type":"","overlay-color":"","overlay-opacity":"","overlay-gradient":""},"mobile":{"background-color":"var(--ast-global-color-4)","background-image":"","background-repeat":"repeat","background-position":"center center","background-size":"auto","background-attachment":"scroll","background-type":"","background-media":"","overlay-type":"","overlay-color":"","overlay-opacity":"","overlay-gradient":""}},"footnotes":""},"class_list":["post-2030","page","type-page","status-publish","hentry"],"_hostinger_reach_plugin_has_subscription_block":false,"_hostinger_reach_plugin_is_elementor":false,"_links":{"self":[{"href":"https:\/\/grindelwaldvr.com\/de\/wp-json\/wp\/v2\/pages\/2030","targetHints":{"allow":["GET"]}}],"collection":[{"href":"https:\/\/grindelwaldvr.com\/de\/wp-json\/wp\/v2\/pages"}],"about":[{"href":"https:\/\/grindelwaldvr.com\/de\/wp-json\/wp\/v2\/types\/page"}],"author":[{"embeddable":true,"href":"https:\/\/grindelwaldvr.com\/de\/wp-json\/wp\/v2\/users\/1"}],"replies":[{"embeddable":true,"href":"https:\/\/grindelwaldvr.com\/de\/wp-json\/wp\/v2\/comments?post=2030"}],"version-history":[{"count":34,"href":"https:\/\/grindelwaldvr.com\/de\/wp-json\/wp\/v2\/pages\/2030\/revisions"}],"predecessor-version":[{"id":2312,"href":"https:\/\/grindelwaldvr.com\/de\/wp-json\/wp\/v2\/pages\/2030\/revisions\/2312"}],"wp:attachment":[{"href":"https:\/\/grindelwaldvr.com\/de\/wp-json\/wp\/v2\/media?parent=2030"}],"curies":[{"name":"wp","href":"https:\/\/api.w.org\/{rel}","templated":true}]}}