{"id":1952,"date":"2026-01-21T08:00:42","date_gmt":"2026-01-21T07:00:42","guid":{"rendered":"https:\/\/grindelwaldvr.com\/?page_id=1952"},"modified":"2026-02-19T20:31:38","modified_gmt":"2026-02-19T19:31:38","slug":"faq","status":"publish","type":"page","link":"https:\/\/grindelwaldvr.com\/de\/faq\/","title":{"rendered":"H\u00e4ufig gestellte Fragen"},"content":{"rendered":"<div data-elementor-type=\"wp-page\" data-elementor-id=\"1952\" class=\"elementor elementor-1952\" data-elementor-post-type=\"page\">\n\t\t\t\t<div class=\"elementor-element elementor-element-b95d286 e-con-full e-flex e-con e-parent\" data-id=\"b95d286\" data-element_type=\"container\" data-settings=\"{&quot;background_background&quot;:&quot;classic&quot;}\">\n\t\t\t\t<div class=\"elementor-element elementor-element-892d4c4 elementor-widget elementor-widget-image\" data-id=\"892d4c4\" data-element_type=\"widget\" data-widget_type=\"image.default\">\n\t\t\t\t\t\t\t\t\t\t\t\t\t\t\t\t<a href=\"https:\/\/grindelwaldvr.com\/de\/\">\n\t\t\t\t\t\t\t<img fetchpriority=\"high\" decoding=\"async\" width=\"2560\" height=\"515\" src=\"https:\/\/grindelwaldvr.com\/wp-content\/uploads\/2026\/01\/grindelwald_vr_banner_2x-scaled.webp\" class=\"attachment-full size-full wp-image-1699\" alt=\"\" srcset=\"https:\/\/grindelwaldvr.com\/wp-content\/uploads\/2026\/01\/grindelwald_vr_banner_2x-scaled.webp 2560w, https:\/\/grindelwaldvr.com\/wp-content\/uploads\/2026\/01\/grindelwald_vr_banner_2x-300x60.webp 300w, https:\/\/grindelwaldvr.com\/wp-content\/uploads\/2026\/01\/grindelwald_vr_banner_2x-1024x206.webp 1024w, https:\/\/grindelwaldvr.com\/wp-content\/uploads\/2026\/01\/grindelwald_vr_banner_2x-768x155.webp 768w, https:\/\/grindelwaldvr.com\/wp-content\/uploads\/2026\/01\/grindelwald_vr_banner_2x-1536x309.webp 1536w, https:\/\/grindelwaldvr.com\/wp-content\/uploads\/2026\/01\/grindelwald_vr_banner_2x-2048x412.webp 2048w\" sizes=\"(max-width: 2560px) 100vw, 2560px\" \/>\t\t\t\t\t\t\t\t<\/a>\n\t\t\t\t\t\t\t\t\t\t\t\t\t\t\t<\/div>\n\t\t\t\t<div class=\"elementor-element elementor-element-f3b7e86 elementor-widget elementor-widget-heading\" data-id=\"f3b7e86\" data-element_type=\"widget\" data-widget_type=\"heading.default\">\n\t\t\t\t\t<h2 class=\"elementor-heading-title elementor-size-default\">H\u00e4ufig gestellte Fragen<\/h2>\t\t\t\t<\/div>\n\t\t\t\t<\/div>\n\t\t<div class=\"elementor-element elementor-element-a1ee1f0 e-con-full e-flex e-con e-parent\" data-id=\"a1ee1f0\" data-element_type=\"container\">\n\t\t\t\t<div class=\"elementor-element elementor-element-0d70eb1 elementor-widget elementor-widget-text-editor\" data-id=\"0d70eb1\" data-element_type=\"widget\" data-widget_type=\"text-editor.default\">\n\t\t\t\t\t\t\t\t\t<h3>Wo befinden Sie sich?<\/h3><p>Betreten Sie das Sportzentrum Grindelwald.\nDas Tourismusb\u00fcro befindet sich auf der rechten Seite. Gehen Sie nach hinten und nehmen Sie die Treppe oder den Aufzug nach unten.\nSie finden Grindelwald VR auf Ebene -2.<\/p><hr \/><h3>Ich habe 3 Personen. Warum k\u00f6nnen wir nicht zusammen spielen?<\/h3><p>Leider sind unsere aktuellen Spiele als teambasierte Erlebnisse konzipiert, und ungerade Spielerzahlen funktionieren nicht zuverl\u00e4ssig.\nIn Zukunft planen wir zus\u00e4tzliche Optionen anzubieten \u2013 einschliesslich Mitarbeitender, die bei Bedarf einspringen k\u00f6nnen, um Teams auszugleichen.<\/p><hr \/><h3>Ich habe eine Gruppe von mehr als 8 Personen. Was k\u00f6nnen wir tun?<\/h3><p>Gr\u00f6ssere Gruppen k\u00f6nnen mehrere Sitzungen hintereinander buchen.\nAlternativ kontaktieren Sie uns bitte \u2013 wir helfen Ihnen gerne, das optimale Setup f\u00fcr Ihre Gruppe zu planen.<\/p><hr \/><h3>Was k\u00f6nnen Wartegruppen tun?<\/h3><p>Wartegruppen k\u00f6nnen im Sportzentrum weitere Aktivit\u00e4ten unter einem Dach geniessen, wie Schwimmen, Curling oder den Indoor-Seilpark.<\/p><hr \/><h3>K\u00f6nnen wir Essen f\u00fcr eine Kinderparty mitbringen?<\/h3><p>In der Regel nicht. Aus hygienischen und sicherheitstechnischen Gr\u00fcnden ist das Mitbringen von Speisen und Getr\u00e4nken generell nicht gestattet. Bei Fragen kontaktieren Sie uns bitte vorab.<\/p><hr \/><h3>Warum kann ich keine R\u00fcckerstattung erhalten, wenn ich meinen Termin verpasse?<\/h3><p>Last-Minute-Stornierungen und Nichterscheinen k\u00f6nnen nicht umgebucht werden. Daher sind verpasste Termine nicht erstattungsf\u00e4hig.\nBitte kontaktieren Sie uns fr\u00fchzeitig, falls sich Ihre Pl\u00e4ne \u00e4ndern.<\/p><hr \/><h3>Was ist die Mission hinter Grindelwald VR?<\/h3><p>Wir schaffen spannende Abenteuer mit einem geringen CO\u2082-Fussabdruck.\nUnser Raum wird aus recyceltem Holz gebaut, und der Boden besteht aus recyceltem Gummi\u00fcberschuss.<\/p><hr \/><h3>Arbeiten Sie mit Gemeindegruppen oder Schulen zusammen?<\/h3><p>Ja. Grindelwald VR steht Gemeindegruppen, Jugendorganisationen, Vereinen und Schulen offen, die daran interessiert sind, VR auf neue Weise zu nutzen.\nBitte kontaktieren Sie uns f\u00fcr weitere Informationen.<\/p><hr \/><h3>Werden Sie in Zukunft andere Arten von VR-Erlebnissen anbieten?<\/h3><p>Ja. Wir entwickeln aktiv neue immersive Erlebnisse und m\u00f6chten diesen Bereich kontinuierlich weiterentwickeln.\nWeitere Details werden zu gegebener Zeit bekannt gegeben.<\/p>\t\t\t\t\t\t\t\t<\/div>\n\t\t\t\t<\/div>\n\t\t<div class=\"elementor-element elementor-element-28ab1c0 e-flex e-con-boxed e-con e-parent\" data-id=\"28ab1c0\" data-element_type=\"container\">\n\t\t\t\t\t<div class=\"e-con-inner\">\n\t\t\t\t<div class=\"elementor-element elementor-element-6edecd2 elementor-widget elementor-widget-image\" data-id=\"6edecd2\" data-element_type=\"widget\" data-widget_type=\"image.default\">\n\t\t\t\t\t\t\t\t\t\t\t\t\t\t\t<img decoding=\"async\" width=\"768\" height=\"515\" src=\"https:\/\/grindelwaldvr.com\/wp-content\/uploads\/2026\/01\/gvrplay-scanner-darkly3-768x515.png\" class=\"attachment-medium_large size-medium_large wp-image-1932\" alt=\"\" srcset=\"https:\/\/grindelwaldvr.com\/wp-content\/uploads\/2026\/01\/gvrplay-scanner-darkly3-768x515.png 768w, https:\/\/grindelwaldvr.com\/wp-content\/uploads\/2026\/01\/gvrplay-scanner-darkly3-300x201.png 300w, https:\/\/grindelwaldvr.com\/wp-content\/uploads\/2026\/01\/gvrplay-scanner-darkly3-1024x687.png 1024w, https:\/\/grindelwaldvr.com\/wp-content\/uploads\/2026\/01\/gvrplay-scanner-darkly3-1536x1030.png 1536w, https:\/\/grindelwaldvr.com\/wp-content\/uploads\/2026\/01\/gvrplay-scanner-darkly3-2048x1374.png 2048w, https:\/\/grindelwaldvr.com\/wp-content\/uploads\/2026\/01\/gvrplay-scanner-darkly3-18x12.png 18w\" sizes=\"(max-width: 768px) 100vw, 768px\" \/>\t\t\t\t\t\t\t\t\t\t\t\t\t\t\t<\/div>\n\t\t\t\t\t<\/div>\n\t\t\t\t<\/div>\n\t\t\t\t<\/div>","protected":false},"excerpt":{"rendered":"<p>Frequently Asked Questions Where are you located? Enter the Grindelwald Sportcenter. The Tourism Office is on your right. Walk to [&hellip;]<\/p>","protected":false},"author":1,"featured_media":0,"parent":0,"menu_order":0,"comment_status":"closed","ping_status":"closed","template":"","meta":{"site-sidebar-layout":"default","site-content-layout":"","ast-site-content-layout":"default","site-content-style":"default","site-sidebar-style":"default","ast-global-header-display":"","ast-banner-title-visibility":"","ast-main-header-display":"","ast-hfb-above-header-display":"","ast-hfb-below-header-display":"","ast-hfb-mobile-header-display":"","site-post-title":"","ast-breadcrumbs-content":"","ast-featured-img":"","footer-sml-layout":"","theme-transparent-header-meta":"","adv-header-id-meta":"","stick-header-meta":"","header-above-stick-meta":"","header-main-stick-meta":"","header-below-stick-meta":"","astra-migrate-meta-layouts":"default","ast-page-background-enabled":"default","ast-page-background-meta":{"desktop":{"background-color":"var(--ast-global-color-5)","background-image":"","background-repeat":"repeat","background-position":"center center","background-size":"auto","background-attachment":"scroll","background-type":"","background-media":"","overlay-type":"","overlay-color":"","overlay-opacity":"","overlay-gradient":""},"tablet":{"background-color":"","background-image":"","background-repeat":"repeat","background-position":"center center","background-size":"auto","background-attachment":"scroll","background-type":"","background-media":"","overlay-type":"","overlay-color":"","overlay-opacity":"","overlay-gradient":""},"mobile":{"background-color":"","background-image":"","background-repeat":"repeat","background-position":"center center","background-size":"auto","background-attachment":"scroll","background-type":"","background-media":"","overlay-type":"","overlay-color":"","overlay-opacity":"","overlay-gradient":""}},"ast-content-background-meta":{"desktop":{"background-color":"var(--ast-global-color-4)","background-image":"","background-repeat":"repeat","background-position":"center center","background-size":"auto","background-attachment":"scroll","background-type":"","background-media":"","overlay-type":"","overlay-color":"","overlay-opacity":"","overlay-gradient":""},"tablet":{"background-color":"var(--ast-global-color-4)","background-image":"","background-repeat":"repeat","background-position":"center center","background-size":"auto","background-attachment":"scroll","background-type":"","background-media":"","overlay-type":"","overlay-color":"","overlay-opacity":"","overlay-gradient":""},"mobile":{"background-color":"var(--ast-global-color-4)","background-image":"","background-repeat":"repeat","background-position":"center center","background-size":"auto","background-attachment":"scroll","background-type":"","background-media":"","overlay-type":"","overlay-color":"","overlay-opacity":"","overlay-gradient":""}},"footnotes":""},"class_list":["post-1952","page","type-page","status-publish","hentry"],"_hostinger_reach_plugin_has_subscription_block":false,"_hostinger_reach_plugin_is_elementor":false,"_links":{"self":[{"href":"https:\/\/grindelwaldvr.com\/de\/wp-json\/wp\/v2\/pages\/1952","targetHints":{"allow":["GET"]}}],"collection":[{"href":"https:\/\/grindelwaldvr.com\/de\/wp-json\/wp\/v2\/pages"}],"about":[{"href":"https:\/\/grindelwaldvr.com\/de\/wp-json\/wp\/v2\/types\/page"}],"author":[{"embeddable":true,"href":"https:\/\/grindelwaldvr.com\/de\/wp-json\/wp\/v2\/users\/1"}],"replies":[{"embeddable":true,"href":"https:\/\/grindelwaldvr.com\/de\/wp-json\/wp\/v2\/comments?post=1952"}],"version-history":[{"count":20,"href":"https:\/\/grindelwaldvr.com\/de\/wp-json\/wp\/v2\/pages\/1952\/revisions"}],"predecessor-version":[{"id":2308,"href":"https:\/\/grindelwaldvr.com\/de\/wp-json\/wp\/v2\/pages\/1952\/revisions\/2308"}],"wp:attachment":[{"href":"https:\/\/grindelwaldvr.com\/de\/wp-json\/wp\/v2\/media?parent=1952"}],"curies":[{"name":"wp","href":"https:\/\/api.w.org\/{rel}","templated":true}]}}