{"id":1819,"date":"2026-01-19T01:36:59","date_gmt":"2026-01-19T00:36:59","guid":{"rendered":"https:\/\/grindelwaldvr.com\/?page_id=1819"},"modified":"2026-01-19T23:32:47","modified_gmt":"2026-01-19T22:32:47","slug":"terms","status":"publish","type":"page","link":"https:\/\/grindelwaldvr.com\/de\/terms\/","title":{"rendered":"Allgemeine Gesch\u00e4ftsbedingungen"},"content":{"rendered":"<div data-elementor-type=\"wp-page\" data-elementor-id=\"1819\" class=\"elementor elementor-1819\" data-elementor-post-type=\"page\">\n\t\t\t\t<div class=\"elementor-element elementor-element-af736a4 e-flex e-con-boxed e-con e-parent\" data-id=\"af736a4\" data-element_type=\"container\">\n\t\t\t\t\t<div class=\"e-con-inner\">\n\t\t\t\t<div class=\"elementor-element elementor-element-b10ed60 elementor-widget elementor-widget-image\" data-id=\"b10ed60\" data-element_type=\"widget\" data-widget_type=\"image.default\">\n\t\t\t\t\t\t\t\t\t\t\t\t\t\t\t<img fetchpriority=\"high\" decoding=\"async\" width=\"2560\" height=\"515\" src=\"https:\/\/grindelwaldvr.com\/wp-content\/uploads\/2026\/01\/grindelwald_vr_banner_2x-scaled.webp\" class=\"attachment-full size-full wp-image-1699\" alt=\"\" srcset=\"https:\/\/grindelwaldvr.com\/wp-content\/uploads\/2026\/01\/grindelwald_vr_banner_2x-scaled.webp 2560w, https:\/\/grindelwaldvr.com\/wp-content\/uploads\/2026\/01\/grindelwald_vr_banner_2x-300x60.webp 300w, https:\/\/grindelwaldvr.com\/wp-content\/uploads\/2026\/01\/grindelwald_vr_banner_2x-1024x206.webp 1024w, https:\/\/grindelwaldvr.com\/wp-content\/uploads\/2026\/01\/grindelwald_vr_banner_2x-768x155.webp 768w, https:\/\/grindelwaldvr.com\/wp-content\/uploads\/2026\/01\/grindelwald_vr_banner_2x-1536x309.webp 1536w, https:\/\/grindelwaldvr.com\/wp-content\/uploads\/2026\/01\/grindelwald_vr_banner_2x-2048x412.webp 2048w\" sizes=\"(max-width: 2560px) 100vw, 2560px\" \/>\t\t\t\t\t\t\t\t\t\t\t\t\t\t\t<\/div>\n\t\t\t\t<div class=\"elementor-element elementor-element-8d10ef6 elementor-widget elementor-widget-heading\" data-id=\"8d10ef6\" data-element_type=\"widget\" data-widget_type=\"heading.default\">\n\t\t\t\t\t<h1 class=\"elementor-heading-title elementor-size-default\">Allgemeine Gesch\u00e4ftsbedingungen<\/h1>\t\t\t\t<\/div>\n\t\t\t\t\t<\/div>\n\t\t\t\t<\/div>\n\t\t<div class=\"elementor-element elementor-element-c804a41 e-flex e-con-boxed e-con e-parent\" data-id=\"c804a41\" data-element_type=\"container\">\n\t\t\t\t\t<div class=\"e-con-inner\">\n\t\t\t\t<div class=\"elementor-element elementor-element-8a06612 elementor-widget elementor-widget-heading\" data-id=\"8a06612\" data-element_type=\"widget\" data-widget_type=\"heading.default\">\n\t\t\t\t\t<h2 class=\"elementor-heading-title elementor-size-default\">Betreiber<\/h2>\t\t\t\t<\/div>\n\t\t\t\t\t<\/div>\n\t\t\t\t<\/div>\n\t\t<div class=\"elementor-element elementor-element-ac46a37 e-flex e-con-boxed e-con e-parent\" data-id=\"ac46a37\" data-element_type=\"container\">\n\t\t\t\t\t<div class=\"e-con-inner\">\n\t\t\t\t<div class=\"elementor-element elementor-element-c6b97ed elementor-widget elementor-widget-text-editor\" data-id=\"c6b97ed\" data-element_type=\"widget\" data-widget_type=\"text-editor.default\">\n\t\t\t\t\t\t\t\t\t<p class=\"sh-color-black sh-color\"><strong class=\"sh-color-black sh-color\">Rechtstr\u00e4ger:<\/strong>\u00a0Virtual Paradiso GmbH<br \/><strong class=\"sh-color-black sh-color\">Firmenname:<\/strong>\u00a0Grindelwald VR<\/p><p class=\"sh-color-black sh-color\">110 Dorfstrasse<br \/>3818 Grindelwald<br \/>Schweiz<\/p><p class=\"sh-color-black sh-color\">E-Mail:\u00a0<a class=\"gmail-decorated-link gmail-cursor-pointer sh-color-black sh-color\" target=\"_blank\" rel=\"noopener noreferrer\">contact@grindelwaldvr.com<\/a><\/p>\t\t\t\t\t\t\t\t<\/div>\n\t\t\t\t\t<\/div>\n\t\t\t\t<\/div>\n\t\t<div class=\"elementor-element elementor-element-c345735 e-flex e-con-boxed e-con e-parent\" data-id=\"c345735\" data-element_type=\"container\">\n\t\t\t\t\t<div class=\"e-con-inner\">\n\t\t\t\t<div class=\"elementor-element elementor-element-0deeb4c elementor-widget elementor-widget-heading\" data-id=\"0deeb4c\" data-element_type=\"widget\" data-widget_type=\"heading.default\">\n\t\t\t\t\t<h2 class=\"elementor-heading-title elementor-size-default\">Angebot<\/h2>\t\t\t\t<\/div>\n\t\t\t\t\t<\/div>\n\t\t\t\t<\/div>\n\t\t<div class=\"elementor-element elementor-element-585fe39 e-flex e-con-boxed e-con e-parent\" data-id=\"585fe39\" data-element_type=\"container\">\n\t\t\t\t\t<div class=\"e-con-inner\">\n\t\t\t\t<div class=\"elementor-element elementor-element-9a2168b elementor-widget elementor-widget-text-editor\" data-id=\"9a2168b\" data-element_type=\"widget\" data-widget_type=\"text-editor.default\">\n\t\t\t\t\t\t\t\t\t<p class=\"sh-color-black sh-color\">Grindelwald VR bietet Virtual-Reality-Erlebnisse zu Unterhaltungszwecken an. Details, Dauer und Preise werden zum Zeitpunkt der Buchung auf der Website angezeigt.<\/p>\t\t\t\t\t\t\t\t<\/div>\n\t\t\t\t\t<\/div>\n\t\t\t\t<\/div>\n\t\t<div class=\"elementor-element elementor-element-9ab8b1e e-flex e-con-boxed e-con e-parent\" data-id=\"9ab8b1e\" data-element_type=\"container\">\n\t\t\t\t\t<div class=\"e-con-inner\">\n\t\t\t\t<div class=\"elementor-element elementor-element-b143281 elementor-widget elementor-widget-heading\" data-id=\"b143281\" data-element_type=\"widget\" data-widget_type=\"heading.default\">\n\t\t\t\t\t<h2 class=\"elementor-heading-title elementor-size-default\">Buchung und Zahlung<\/h2>\t\t\t\t<\/div>\n\t\t\t\t\t<\/div>\n\t\t\t\t<\/div>\n\t\t<div class=\"elementor-element elementor-element-474beda e-flex e-con-boxed e-con e-parent\" data-id=\"474beda\" data-element_type=\"container\">\n\t\t\t\t\t<div class=\"e-con-inner\">\n\t\t\t\t<div class=\"elementor-element elementor-element-1ef15b6 elementor-widget elementor-widget-text-editor\" data-id=\"1ef15b6\" data-element_type=\"widget\" data-widget_type=\"text-editor.default\">\n\t\t\t\t\t\t\t\t\t<p class=\"sh-color-black sh-color\">Buchungen werden online vorgenommen und m\u00fcssen im Voraus mit den verf\u00fcgbaren Zahlungsmethoden bezahlt werden.<\/p>\n<p class=\"sh-color-black sh-color\">Eine Buchung gilt als verbindlich, sobald die Zahlung erfolgreich abgeschlossen und eine Best\u00e4tigungs-E-Mail versendet wurde.<\/p>\t\t\t\t\t\t\t\t<\/div>\n\t\t\t\t\t<\/div>\n\t\t\t\t<\/div>\n\t\t<div class=\"elementor-element elementor-element-ac14520 e-flex e-con-boxed e-con e-parent\" data-id=\"ac14520\" data-element_type=\"container\">\n\t\t\t\t\t<div class=\"e-con-inner\">\n\t\t\t\t<div class=\"elementor-element elementor-element-37e1cda elementor-widget elementor-widget-heading\" data-id=\"37e1cda\" data-element_type=\"widget\" data-widget_type=\"heading.default\">\n\t\t\t\t\t<h2 class=\"elementor-heading-title elementor-size-default\">Stornierungen und Umbuchungen<\/h2>\t\t\t\t<\/div>\n\t\t\t\t\t<\/div>\n\t\t\t\t<\/div>\n\t\t<div class=\"elementor-element elementor-element-d10ed80 e-flex e-con-boxed e-con e-parent\" data-id=\"d10ed80\" data-element_type=\"container\">\n\t\t\t\t\t<div class=\"e-con-inner\">\n\t\t\t\t<div class=\"elementor-element elementor-element-d275208 elementor-widget elementor-widget-text-editor\" data-id=\"d275208\" data-element_type=\"widget\" data-widget_type=\"text-editor.default\">\n\t\t\t\t\t\t\t\t\t<p class=\"sh-color-black sh-color\">Reservierungen sind nicht erstattungsf\u00e4hig.<\/p>\n<p class=\"sh-color-black sh-color\">Umbuchungen oder Gutschriften k\u00f6nnen nach unserem Ermessen gew\u00e4hrt werden, wenn eine ausreichende Vorank\u00fcndigung gegeben wird (in der Regel mindestens 24 Stunden vor der Buchungszeit).<\/p>\n<p class=\"sh-color-black sh-color\">Anfragen zu Stornierungen oder Umbuchungen sind per E-Mail an folgende Adresse zu richten:<br \/><strong class=\"sh-color-black sh-color\"><a class=\"gmail-decorated-link gmail-cursor-pointer sh-color-black sh-color\" target=\"_blank\" rel=\"noopener noreferrer\">contact@grindelwaldvr.com<\/a><\/strong><\/p>\n<p class=\"sh-color-black sh-color\">F\u00fcr versp\u00e4tete Ank\u00fcnfte oder Nichterscheinen werden keine R\u00fcckerstattungen oder Gutschriften gew\u00e4hrt.<\/p>\t\t\t\t\t\t\t\t<\/div>\n\t\t\t\t\t<\/div>\n\t\t\t\t<\/div>\n\t\t<div class=\"elementor-element elementor-element-4283a32 e-flex e-con-boxed e-con e-parent\" data-id=\"4283a32\" data-element_type=\"container\">\n\t\t\t\t\t<div class=\"e-con-inner\">\n\t\t\t\t<div class=\"elementor-element elementor-element-1eb7b83 elementor-widget elementor-widget-heading\" data-id=\"1eb7b83\" data-element_type=\"widget\" data-widget_type=\"heading.default\">\n\t\t\t\t\t<h2 class=\"elementor-heading-title elementor-size-default\">Teilnahme und Sicherheit\n<\/h2>\t\t\t\t<\/div>\n\t\t\t\t\t<\/div>\n\t\t\t\t<\/div>\n\t\t<div class=\"elementor-element elementor-element-80f957c e-flex e-con-boxed e-con e-parent\" data-id=\"80f957c\" data-element_type=\"container\">\n\t\t\t\t\t<div class=\"e-con-inner\">\n\t\t\t\t<div class=\"elementor-element elementor-element-eb4722b elementor-widget elementor-widget-text-editor\" data-id=\"eb4722b\" data-element_type=\"widget\" data-widget_type=\"text-editor.default\">\n\t\t\t\t\t\t\t\t\t<p class=\"sh-color-black sh-color\">Die Teilnehmer m\u00fcssen alle Anweisungen befolgen.<\/p>\n<p class=\"sh-color-black sh-color\">Wir behalten uns das Recht vor, die Teilnahme zu verweigern oder abzubrechen, wenn sich eine Person unsicher, st\u00f6rend verh\u00e4lt oder f\u00fcr die Teilnahme ungeeignet erscheint.<\/p>\n<p class=\"sh-color-black sh-color\">Bestimmte Erfahrungen sind m\u00f6glicherweise nicht f\u00fcr Menschen mit Erkrankungen wie Epilepsie oder schwerer Reisekrankheit geeignet. Die Teilnahme liegt in Ihrer eigenen Verantwortung.<\/p>\t\t\t\t\t\t\t\t<\/div>\n\t\t\t\t\t<\/div>\n\t\t\t\t<\/div>\n\t\t<div class=\"elementor-element elementor-element-8475ddb e-flex e-con-boxed e-con e-parent\" data-id=\"8475ddb\" data-element_type=\"container\">\n\t\t\t\t\t<div class=\"e-con-inner\">\n\t\t\t\t<div class=\"elementor-element elementor-element-4d01e6f elementor-widget elementor-widget-heading\" data-id=\"4d01e6f\" data-element_type=\"widget\" data-widget_type=\"heading.default\">\n\t\t\t\t\t<h2 class=\"elementor-heading-title elementor-size-default\">Haftung<\/h2>\t\t\t\t<\/div>\n\t\t\t\t\t<\/div>\n\t\t\t\t<\/div>\n\t\t<div class=\"elementor-element elementor-element-c8fc70e e-flex e-con-boxed e-con e-parent\" data-id=\"c8fc70e\" data-element_type=\"container\">\n\t\t\t\t\t<div class=\"e-con-inner\">\n\t\t\t\t<div class=\"elementor-element elementor-element-975cdee elementor-widget elementor-widget-text-editor\" data-id=\"975cdee\" data-element_type=\"widget\" data-widget_type=\"text-editor.default\">\n\t\t\t\t\t\t\t\t\t<p class=\"sh-color-black sh-color\">Die Teilnahme erfolgt auf eigene Gefahr.<\/p>\n<p class=\"sh-color-black sh-color\">Soweit gesetzlich zul\u00e4ssig, schliessen wir die Haftung f\u00fcr leichte Fahrl\u00e4ssigkeit aus. Die Haftung f\u00fcr grobe Fahrl\u00e4ssigkeit oder Vorsatz bleibt unber\u00fchrt.<\/p>\n<p class=\"sh-color-black sh-color\">Wir sind nicht verantwortlich f\u00fcr pers\u00f6nliche Gegenst\u00e4nde.<\/p>\t\t\t\t\t\t\t\t<\/div>\n\t\t\t\t\t<\/div>\n\t\t\t\t<\/div>\n\t\t<div class=\"elementor-element elementor-element-3ab9a1b e-flex e-con-boxed e-con e-parent\" data-id=\"3ab9a1b\" data-element_type=\"container\">\n\t\t\t\t\t<div class=\"e-con-inner\">\n\t\t\t\t<div class=\"elementor-element elementor-element-995f2dc elementor-widget elementor-widget-heading\" data-id=\"995f2dc\" data-element_type=\"widget\" data-widget_type=\"heading.default\">\n\t\t\t\t\t<h2 class=\"elementor-heading-title elementor-size-default\">Minderj\u00e4hrige\n<\/h2>\t\t\t\t<\/div>\n\t\t\t\t\t<\/div>\n\t\t\t\t<\/div>\n\t\t<div class=\"elementor-element elementor-element-927837a e-flex e-con-boxed e-con e-parent\" data-id=\"927837a\" data-element_type=\"container\">\n\t\t\t\t\t<div class=\"e-con-inner\">\n\t\t\t\t<div class=\"elementor-element elementor-element-81eddb9 elementor-widget elementor-widget-text-editor\" data-id=\"81eddb9\" data-element_type=\"widget\" data-widget_type=\"text-editor.default\">\n\t\t\t\t\t\t\t\t\t<div class=\"MessagePane-iframe-wrapper\">\n<div class=\"Shadowbox SandboxedRender\" data-editor-location=\"none\">\n<div class=\"ShadowHTML Theme-snow Platform-mac\">\n<div class=\"ShadowBody\">\n<div class=\"sh-color-transparent-bg ShadowWrapper\">\n<div class=\"sh-color-transparent-bg ShadowWrapper\">\n<div class=\"sh-color-transparent-bg ShadowWrapper styleQuotedContent styleUnquotedContent\" tabindex=\"-1\">\n<div class=\"unquoted-content sh-color-black sh-color-transparent-bg sh-color-black sh-color\">\n<div class=\"sh-color-black sh-color\" dir=\"ltr\">\n<div class=\"sh-color-black sh-color\">\n<p class=\"sh-color-black sh-color\">Minderj\u00e4hrige d\u00fcrfen nur mit Zustimmung eines Elternteils oder Erziehungsberechtigten und in \u00dcbereinstimmung mit allen angegebenen Altersgrenzen teilnehmen.<\/p>\n<\/div>\n<\/div>\n<\/div>\n<\/div>\n<\/div>\n<\/div>\n<\/div>\n<\/div>\n<\/div>\n<\/div>\t\t\t\t\t\t\t\t<\/div>\n\t\t\t\t\t<\/div>\n\t\t\t\t<\/div>\n\t\t<div class=\"elementor-element elementor-element-78cb281 e-flex e-con-boxed e-con e-parent\" data-id=\"78cb281\" data-element_type=\"container\">\n\t\t\t\t\t<div class=\"e-con-inner\">\n\t\t\t\t<div class=\"elementor-element elementor-element-5d9efaa elementor-widget elementor-widget-heading\" data-id=\"5d9efaa\" data-element_type=\"widget\" data-widget_type=\"heading.default\">\n\t\t\t\t\t<h2 class=\"elementor-heading-title elementor-size-default\">Anwendbares Recht\n<\/h2>\t\t\t\t<\/div>\n\t\t\t\t\t<\/div>\n\t\t\t\t<\/div>\n\t\t<div class=\"elementor-element elementor-element-51a1087 e-flex e-con-boxed e-con e-parent\" data-id=\"51a1087\" data-element_type=\"container\">\n\t\t\t\t\t<div class=\"e-con-inner\">\n\t\t\t\t<div class=\"elementor-element elementor-element-dcb8a6d elementor-widget elementor-widget-text-editor\" data-id=\"dcb8a6d\" data-element_type=\"widget\" data-widget_type=\"text-editor.default\">\n\t\t\t\t\t\t\t\t\t<p class=\"sh-color-black sh-color\"><strong class=\"sh-color-black sh-color\">Es gilt schweizerisches Recht.<\/strong><\/p>\t\t\t\t\t\t\t\t<\/div>\n\t\t\t\t\t<\/div>\n\t\t\t\t<\/div>\n\t\t<div class=\"elementor-element elementor-element-1d842cc e-flex e-con-boxed e-con e-parent\" data-id=\"1d842cc\" data-element_type=\"container\">\n\t\t\t\t\t<div class=\"e-con-inner\">\n\t\t\t\t<div class=\"elementor-element elementor-element-1d226df elementor-widget elementor-widget-image\" data-id=\"1d226df\" data-element_type=\"widget\" data-widget_type=\"image.default\">\n\t\t\t\t\t\t\t\t\t\t\t\t\t\t\t<img decoding=\"async\" width=\"768\" height=\"515\" src=\"https:\/\/grindelwaldvr.com\/wp-content\/uploads\/2026\/01\/gvrplay-scanner-darkly4-768x515.png\" class=\"attachment-medium_large size-medium_large wp-image-1933\" alt=\"\" srcset=\"https:\/\/grindelwaldvr.com\/wp-content\/uploads\/2026\/01\/gvrplay-scanner-darkly4-768x515.png 768w, https:\/\/grindelwaldvr.com\/wp-content\/uploads\/2026\/01\/gvrplay-scanner-darkly4-300x201.png 300w, https:\/\/grindelwaldvr.com\/wp-content\/uploads\/2026\/01\/gvrplay-scanner-darkly4-1024x687.png 1024w, https:\/\/grindelwaldvr.com\/wp-content\/uploads\/2026\/01\/gvrplay-scanner-darkly4-1536x1030.png 1536w, https:\/\/grindelwaldvr.com\/wp-content\/uploads\/2026\/01\/gvrplay-scanner-darkly4-2048x1374.png 2048w, https:\/\/grindelwaldvr.com\/wp-content\/uploads\/2026\/01\/gvrplay-scanner-darkly4-18x12.png 18w\" sizes=\"(max-width: 768px) 100vw, 768px\" \/>\t\t\t\t\t\t\t\t\t\t\t\t\t\t\t<\/div>\n\t\t\t\t\t<\/div>\n\t\t\t\t<\/div>\n\t\t\t\t<\/div>","protected":false},"excerpt":{"rendered":"<p>Terms and Conditions Operator Legal entity:\u00a0Virtual Paradiso GmbHBusiness name:\u00a0Grindelwald VR 110 Dorfstrasse3818 GrindelwaldSwitzerland Email:\u00a0contact@grindelwaldvr.com Services Grindelwald VR offers virtual reality [&hellip;]<\/p>","protected":false},"author":1,"featured_media":0,"parent":0,"menu_order":0,"comment_status":"closed","ping_status":"closed","template":"","meta":{"site-sidebar-layout":"no-sidebar","site-content-layout":"","ast-site-content-layout":"full-width-container","site-content-style":"default","site-sidebar-style":"default","ast-global-header-display":"","ast-banner-title-visibility":"","ast-main-header-display":"","ast-hfb-above-header-display":"","ast-hfb-below-header-display":"","ast-hfb-mobile-header-display":"","site-post-title":"","ast-breadcrumbs-content":"","ast-featured-img":"disabled","footer-sml-layout":"","theme-transparent-header-meta":"disabled","adv-header-id-meta":"","stick-header-meta":"","header-above-stick-meta":"","header-main-stick-meta":"","header-below-stick-meta":"","astra-migrate-meta-layouts":"default","ast-page-background-enabled":"default","ast-page-background-meta":{"desktop":{"background-color":"var(--ast-global-color-5)","background-image":"","background-repeat":"repeat","background-position":"center center","background-size":"auto","background-attachment":"scroll","background-type":"","background-media":"","overlay-type":"","overlay-color":"","overlay-opacity":"","overlay-gradient":""},"tablet":{"background-color":"","background-image":"","background-repeat":"repeat","background-position":"center center","background-size":"auto","background-attachment":"scroll","background-type":"","background-media":"","overlay-type":"","overlay-color":"","overlay-opacity":"","overlay-gradient":""},"mobile":{"background-color":"","background-image":"","background-repeat":"repeat","background-position":"center center","background-size":"auto","background-attachment":"scroll","background-type":"","background-media":"","overlay-type":"","overlay-color":"","overlay-opacity":"","overlay-gradient":""}},"ast-content-background-meta":{"desktop":{"background-color":"var(--ast-global-color-4)","background-image":"","background-repeat":"repeat","background-position":"center center","background-size":"auto","background-attachment":"scroll","background-type":"","background-media":"","overlay-type":"","overlay-color":"","overlay-opacity":"","overlay-gradient":""},"tablet":{"background-color":"var(--ast-global-color-4)","background-image":"","background-repeat":"repeat","background-position":"center center","background-size":"auto","background-attachment":"scroll","background-type":"","background-media":"","overlay-type":"","overlay-color":"","overlay-opacity":"","overlay-gradient":""},"mobile":{"background-color":"var(--ast-global-color-4)","background-image":"","background-repeat":"repeat","background-position":"center center","background-size":"auto","background-attachment":"scroll","background-type":"","background-media":"","overlay-type":"","overlay-color":"","overlay-opacity":"","overlay-gradient":""}},"footnotes":""},"class_list":["post-1819","page","type-page","status-publish","hentry"],"_hostinger_reach_plugin_has_subscription_block":false,"_hostinger_reach_plugin_is_elementor":false,"_links":{"self":[{"href":"https:\/\/grindelwaldvr.com\/de\/wp-json\/wp\/v2\/pages\/1819","targetHints":{"allow":["GET"]}}],"collection":[{"href":"https:\/\/grindelwaldvr.com\/de\/wp-json\/wp\/v2\/pages"}],"about":[{"href":"https:\/\/grindelwaldvr.com\/de\/wp-json\/wp\/v2\/types\/page"}],"author":[{"embeddable":true,"href":"https:\/\/grindelwaldvr.com\/de\/wp-json\/wp\/v2\/users\/1"}],"replies":[{"embeddable":true,"href":"https:\/\/grindelwaldvr.com\/de\/wp-json\/wp\/v2\/comments?post=1819"}],"version-history":[{"count":7,"href":"https:\/\/grindelwaldvr.com\/de\/wp-json\/wp\/v2\/pages\/1819\/revisions"}],"predecessor-version":[{"id":1951,"href":"https:\/\/grindelwaldvr.com\/de\/wp-json\/wp\/v2\/pages\/1819\/revisions\/1951"}],"wp:attachment":[{"href":"https:\/\/grindelwaldvr.com\/de\/wp-json\/wp\/v2\/media?parent=1819"}],"curies":[{"name":"wp","href":"https:\/\/api.w.org\/{rel}","templated":true}]}}