{"id":1799,"date":"2026-01-19T01:10:47","date_gmt":"2026-01-19T00:10:47","guid":{"rendered":"https:\/\/grindelwaldvr.com\/?page_id=1799"},"modified":"2026-01-29T21:07:34","modified_gmt":"2026-01-29T20:07:34","slug":"privacy","status":"publish","type":"page","link":"https:\/\/grindelwaldvr.com\/de\/privacy\/","title":{"rendered":"Datenschutz"},"content":{"rendered":"<div data-elementor-type=\"wp-page\" data-elementor-id=\"1799\" class=\"elementor elementor-1799\" data-elementor-post-type=\"page\">\n\t\t\t\t<div class=\"elementor-element elementor-element-af736a4 e-flex e-con-boxed e-con e-parent\" data-id=\"af736a4\" data-element_type=\"container\">\n\t\t\t\t\t<div class=\"e-con-inner\">\n\t\t\t\t<div class=\"elementor-element elementor-element-c887177 elementor-widget elementor-widget-image\" data-id=\"c887177\" data-element_type=\"widget\" data-widget_type=\"image.default\">\n\t\t\t\t\t\t\t\t\t\t\t\t\t\t\t\t<a href=\"https:\/\/grindelwaldvr.com\/de\/\">\n\t\t\t\t\t\t\t<img fetchpriority=\"high\" decoding=\"async\" width=\"2560\" height=\"515\" src=\"https:\/\/grindelwaldvr.com\/wp-content\/uploads\/2026\/01\/grindelwald_vr_banner_2x-scaled.webp\" class=\"attachment-full size-full wp-image-1699\" alt=\"\" srcset=\"https:\/\/grindelwaldvr.com\/wp-content\/uploads\/2026\/01\/grindelwald_vr_banner_2x-scaled.webp 2560w, https:\/\/grindelwaldvr.com\/wp-content\/uploads\/2026\/01\/grindelwald_vr_banner_2x-300x60.webp 300w, https:\/\/grindelwaldvr.com\/wp-content\/uploads\/2026\/01\/grindelwald_vr_banner_2x-1024x206.webp 1024w, https:\/\/grindelwaldvr.com\/wp-content\/uploads\/2026\/01\/grindelwald_vr_banner_2x-768x155.webp 768w, https:\/\/grindelwaldvr.com\/wp-content\/uploads\/2026\/01\/grindelwald_vr_banner_2x-1536x309.webp 1536w, https:\/\/grindelwaldvr.com\/wp-content\/uploads\/2026\/01\/grindelwald_vr_banner_2x-2048x412.webp 2048w\" sizes=\"(max-width: 2560px) 100vw, 2560px\" \/>\t\t\t\t\t\t\t\t<\/a>\n\t\t\t\t\t\t\t\t\t\t\t\t\t\t\t<\/div>\n\t\t\t\t<div class=\"elementor-element elementor-element-8d10ef6 elementor-widget elementor-widget-heading\" data-id=\"8d10ef6\" data-element_type=\"widget\" data-widget_type=\"heading.default\">\n\t\t\t\t\t<h1 class=\"elementor-heading-title elementor-size-default\">Datenschutzerkl\u00e4rung<\/h1>\t\t\t\t<\/div>\n\t\t\t\t\t<\/div>\n\t\t\t\t<\/div>\n\t\t<div class=\"elementor-element elementor-element-c804a41 e-flex e-con-boxed e-con e-parent\" data-id=\"c804a41\" data-element_type=\"container\">\n\t\t\t\t\t<div class=\"e-con-inner\">\n\t\t\t\t<div class=\"elementor-element elementor-element-8a06612 elementor-widget elementor-widget-heading\" data-id=\"8a06612\" data-element_type=\"widget\" data-widget_type=\"heading.default\">\n\t\t\t\t\t<h2 class=\"elementor-heading-title elementor-size-default\">Datenverantwortlicher<\/h2>\t\t\t\t<\/div>\n\t\t\t\t\t<\/div>\n\t\t\t\t<\/div>\n\t\t<div class=\"elementor-element elementor-element-ac46a37 e-flex e-con-boxed e-con e-parent\" data-id=\"ac46a37\" data-element_type=\"container\">\n\t\t\t\t\t<div class=\"e-con-inner\">\n\t\t\t\t<div class=\"elementor-element elementor-element-c6b97ed elementor-widget elementor-widget-text-editor\" data-id=\"c6b97ed\" data-element_type=\"widget\" data-widget_type=\"text-editor.default\">\n\t\t\t\t\t\t\t\t\t<p class=\"sh-color-black sh-color\"><strong class=\"sh-color-black sh-color\">Rechtstr\u00e4ger:<\/strong>\u00a0Virtual Paradiso GmbH<br \/><strong class=\"sh-color-black sh-color\">Firmenname:<\/strong>\u00a0Grindelwald VR<\/p><p class=\"sh-color-black sh-color\">110 Dorfstrasse<br \/>3818 Grindelwald<br \/>Schweiz<\/p><p class=\"sh-color-black sh-color\">E-Mail:\u00a0<a class=\"gmail-decorated-link gmail-cursor-pointer sh-color-black sh-color\" target=\"_blank\" rel=\"noopener noreferrer\">contact@grindelwaldvr.com<\/a><\/p>\t\t\t\t\t\t\t\t<\/div>\n\t\t\t\t\t<\/div>\n\t\t\t\t<\/div>\n\t\t<div class=\"elementor-element elementor-element-c345735 e-flex e-con-boxed e-con e-parent\" data-id=\"c345735\" data-element_type=\"container\">\n\t\t\t\t\t<div class=\"e-con-inner\">\n\t\t\t\t<div class=\"elementor-element elementor-element-0deeb4c elementor-widget elementor-widget-heading\" data-id=\"0deeb4c\" data-element_type=\"widget\" data-widget_type=\"heading.default\">\n\t\t\t\t\t<h2 class=\"elementor-heading-title elementor-size-default\">Pers\u00f6nliche Daten<\/h2>\t\t\t\t<\/div>\n\t\t\t\t\t<\/div>\n\t\t\t\t<\/div>\n\t\t<div class=\"elementor-element elementor-element-585fe39 e-flex e-con-boxed e-con e-parent\" data-id=\"585fe39\" data-element_type=\"container\">\n\t\t\t\t\t<div class=\"e-con-inner\">\n\t\t\t\t<div class=\"elementor-element elementor-element-9a2168b elementor-widget elementor-widget-text-editor\" data-id=\"9a2168b\" data-element_type=\"widget\" data-widget_type=\"text-editor.default\">\n\t\t\t\t\t\t\t\t\t<p class=\"sh-color-black sh-color\">Wir verarbeiten personenbezogene Daten wie Name, Kontaktdaten, Buchungsinformationen und technische Daten, die f\u00fcr den Betrieb der Website und des Buchungssystems erforderlich sind.<\/p><p class=\"sh-color-black sh-color\">Zahlungsdaten werden durch externe Zahlungsdienstleister (z. B. Stripe) verarbeitet. Wir speichern keine vollst\u00e4ndigen Kreditkarten- oder Zahlungsinformationen.<\/p>\t\t\t\t\t\t\t\t<\/div>\n\t\t\t\t\t<\/div>\n\t\t\t\t<\/div>\n\t\t<div class=\"elementor-element elementor-element-9ab8b1e e-flex e-con-boxed e-con e-parent\" data-id=\"9ab8b1e\" data-element_type=\"container\">\n\t\t\t\t\t<div class=\"e-con-inner\">\n\t\t\t\t<div class=\"elementor-element elementor-element-b143281 elementor-widget elementor-widget-heading\" data-id=\"b143281\" data-element_type=\"widget\" data-widget_type=\"heading.default\">\n\t\t\t\t\t<h2 class=\"elementor-heading-title elementor-size-default\">Zweck<\/h2>\t\t\t\t<\/div>\n\t\t\t\t\t<\/div>\n\t\t\t\t<\/div>\n\t\t<div class=\"elementor-element elementor-element-474beda e-flex e-con-boxed e-con e-parent\" data-id=\"474beda\" data-element_type=\"container\">\n\t\t\t\t\t<div class=\"e-con-inner\">\n\t\t\t\t<div class=\"elementor-element elementor-element-1ef15b6 elementor-widget elementor-widget-text-editor\" data-id=\"1ef15b6\" data-element_type=\"widget\" data-widget_type=\"text-editor.default\">\n\t\t\t\t\t\t\t\t\t<p class=\"sh-color-black sh-color\">Personenbezogene Daten werden ausschliesslich verwendet, um:<\/p><ul class=\"sh-color-black sh-color\"><li class=\"sh-color-black sh-color\"><p class=\"sh-color-black sh-color\">Buchungen und Zahlungen bearbeiten<\/p><\/li><li class=\"sh-color-black sh-color\"><p class=\"sh-color-black sh-color\">mit Kunden kommunizieren<\/p><\/li><li class=\"sh-color-black sh-color\"><p class=\"sh-color-black sh-color\">unsere Dienstleistungen betreiben und weiterentwickeln<\/p><\/li><li class=\"sh-color-black sh-color\"><p class=\"sh-color-black sh-color\">gesetzlichen Verpflichtungen nachkommen<\/p><\/li><\/ul>\t\t\t\t\t\t\t\t<\/div>\n\t\t\t\t\t<\/div>\n\t\t\t\t<\/div>\n\t\t<div class=\"elementor-element elementor-element-ac14520 e-flex e-con-boxed e-con e-parent\" data-id=\"ac14520\" data-element_type=\"container\">\n\t\t\t\t\t<div class=\"e-con-inner\">\n\t\t\t\t<div class=\"elementor-element elementor-element-37e1cda elementor-widget elementor-widget-heading\" data-id=\"37e1cda\" data-element_type=\"widget\" data-widget_type=\"heading.default\">\n\t\t\t\t\t<h2 class=\"elementor-heading-title elementor-size-default\">Cookies<\/h2>\t\t\t\t<\/div>\n\t\t\t\t\t<\/div>\n\t\t\t\t<\/div>\n\t\t<div class=\"elementor-element elementor-element-d10ed80 e-flex e-con-boxed e-con e-parent\" data-id=\"d10ed80\" data-element_type=\"container\">\n\t\t\t\t\t<div class=\"e-con-inner\">\n\t\t\t\t<div class=\"elementor-element elementor-element-d275208 elementor-widget elementor-widget-text-editor\" data-id=\"d275208\" data-element_type=\"widget\" data-widget_type=\"text-editor.default\">\n\t\t\t\t\t\t\t\t\t<p style=\"margin-bottom: 0px; font-family: 'Superhuman Adelle Email', color-emoji-override, sans-serif, 'Apple Color Emoji', emoji-flag-fallbacks, 'Segoe UI Emoji', 'Noto Color Emoji'; font-size: 14px; color: rgba(0, 0, 0, 0.9); font-style: normal; font-weight: 400; -webkit-font-smoothing: antialiased !important; font-feature-settings: initial !important; line-height: 24px !important;\">Die Website verwendet wesentliche Cookies, die f\u00fcr die Funktionalit\u00e4t erforderlich sind. Sie k\u00f6nnen Cookies in Ihren Browsereinstellungen verwalten.<\/p>\t\t\t\t\t\t\t\t<\/div>\n\t\t\t\t\t<\/div>\n\t\t\t\t<\/div>\n\t\t<div class=\"elementor-element elementor-element-4283a32 e-flex e-con-boxed e-con e-parent\" data-id=\"4283a32\" data-element_type=\"container\">\n\t\t\t\t\t<div class=\"e-con-inner\">\n\t\t\t\t<div class=\"elementor-element elementor-element-1eb7b83 elementor-widget elementor-widget-heading\" data-id=\"1eb7b83\" data-element_type=\"widget\" data-widget_type=\"heading.default\">\n\t\t\t\t\t<h2 class=\"elementor-heading-title elementor-size-default\">Datenspeicherung<\/h2>\t\t\t\t<\/div>\n\t\t\t\t\t<\/div>\n\t\t\t\t<\/div>\n\t\t<div class=\"elementor-element elementor-element-80f957c e-flex e-con-boxed e-con e-parent\" data-id=\"80f957c\" data-element_type=\"container\">\n\t\t\t\t\t<div class=\"e-con-inner\">\n\t\t\t\t<div class=\"elementor-element elementor-element-eb4722b elementor-widget elementor-widget-text-editor\" data-id=\"eb4722b\" data-element_type=\"widget\" data-widget_type=\"text-editor.default\">\n\t\t\t\t\t\t\t\t\t<p>Personenbezogene Daten werden nur so lange aufbewahrt, wie dies f\u00fcr den jeweiligen Zweck erforderlich ist oder gesetzliche Aufbewahrungspflichten bestehen.<\/p>\t\t\t\t\t\t\t\t<\/div>\n\t\t\t\t\t<\/div>\n\t\t\t\t<\/div>\n\t\t<div class=\"elementor-element elementor-element-8475ddb e-flex e-con-boxed e-con e-parent\" data-id=\"8475ddb\" data-element_type=\"container\">\n\t\t\t\t\t<div class=\"e-con-inner\">\n\t\t\t\t<div class=\"elementor-element elementor-element-4d01e6f elementor-widget elementor-widget-heading\" data-id=\"4d01e6f\" data-element_type=\"widget\" data-widget_type=\"heading.default\">\n\t\t\t\t\t<h2 class=\"elementor-heading-title elementor-size-default\">Ihre Rechte\n<\/h2>\t\t\t\t<\/div>\n\t\t\t\t\t<\/div>\n\t\t\t\t<\/div>\n\t\t<div class=\"elementor-element elementor-element-c8fc70e e-flex e-con-boxed e-con e-parent\" data-id=\"c8fc70e\" data-element_type=\"container\">\n\t\t\t\t\t<div class=\"e-con-inner\">\n\t\t\t\t<div class=\"elementor-element elementor-element-975cdee elementor-widget elementor-widget-text-editor\" data-id=\"975cdee\" data-element_type=\"widget\" data-widget_type=\"text-editor.default\">\n\t\t\t\t\t\t\t\t\t<p>Gem\u00e4ss dem schweizerischen Datenschutzrecht haben Sie das Recht auf Auskunft, Berichtigung oder L\u00f6schung Ihrer personenbezogenen Daten, soweit keine gesetzlichen Aufbewahrungspflichten entgegenstehen.<\/p><p>Anfragen richten Sie bitte an:\ncontact@grindelwaldvr.com<br \/>contact@grindelwaldvr.com<\/p>\t\t\t\t\t\t\t\t<\/div>\n\t\t\t\t\t<\/div>\n\t\t\t\t<\/div>\n\t\t<div class=\"elementor-element elementor-element-3ab9a1b e-flex e-con-boxed e-con e-parent\" data-id=\"3ab9a1b\" data-element_type=\"container\">\n\t\t\t\t\t<div class=\"e-con-inner\">\n\t\t\t\t<div class=\"elementor-element elementor-element-995f2dc elementor-widget elementor-widget-heading\" data-id=\"995f2dc\" data-element_type=\"widget\" data-widget_type=\"heading.default\">\n\t\t\t\t\t<h2 class=\"elementor-heading-title elementor-size-default\">\u00c4nderungen<\/h2>\t\t\t\t<\/div>\n\t\t\t\t\t<\/div>\n\t\t\t\t<\/div>\n\t\t<div class=\"elementor-element elementor-element-927837a e-flex e-con-boxed e-con e-parent\" data-id=\"927837a\" data-element_type=\"container\">\n\t\t\t\t\t<div class=\"e-con-inner\">\n\t\t\t\t<div class=\"elementor-element elementor-element-81eddb9 elementor-widget elementor-widget-text-editor\" data-id=\"81eddb9\" data-element_type=\"widget\" data-widget_type=\"text-editor.default\">\n\t\t\t\t\t\t\t\t\t<div class=\"MessagePane-iframe-wrapper\"><div class=\"Shadowbox SandboxedRender\" data-editor-location=\"none\"><div><div class=\"ShadowHTML Theme-snow Platform-mac\"><div class=\"ShadowBody\"><div class=\"sh-color-transparent-bg ShadowWrapper\"><div class=\"sh-color-transparent-bg ShadowWrapper\"><div class=\"sh-color-transparent-bg ShadowWrapper styleQuotedContent styleUnquotedContent\" tabindex=\"-1\"><div class=\"unquoted-content sh-color-black sh-color-transparent-bg sh-color-black sh-color\"><div class=\"sh-color-black sh-color\" dir=\"ltr\"><div class=\"sh-color-black sh-color\"><p class=\"sh-color-black sh-color\">Diese Datenschutzrichtlinie kann jederzeit angepasst werden. Es gilt die jeweils auf der Website ver\u00f6ffentlichte Fassung..<\/p><\/div><\/div><\/div><\/div><\/div><\/div><\/div><\/div><\/div><\/div><\/div>\t\t\t\t\t\t\t\t<\/div>\n\t\t\t\t\t<\/div>\n\t\t\t\t<\/div>\n\t\t<div class=\"elementor-element elementor-element-32012d9 e-flex e-con-boxed e-con e-parent\" data-id=\"32012d9\" data-element_type=\"container\">\n\t\t\t\t\t<div class=\"e-con-inner\">\n\t\t\t\t<div class=\"elementor-element elementor-element-cb0198b elementor-widget elementor-widget-image\" data-id=\"cb0198b\" data-element_type=\"widget\" data-widget_type=\"image.default\">\n\t\t\t\t\t\t\t\t\t\t\t\t\t\t\t<img decoding=\"async\" width=\"768\" height=\"515\" src=\"https:\/\/grindelwaldvr.com\/wp-content\/uploads\/2026\/01\/gvrplay-scanner-darkly4-768x515.png\" class=\"attachment-medium_large size-medium_large wp-image-1933\" alt=\"\" srcset=\"https:\/\/grindelwaldvr.com\/wp-content\/uploads\/2026\/01\/gvrplay-scanner-darkly4-768x515.png 768w, https:\/\/grindelwaldvr.com\/wp-content\/uploads\/2026\/01\/gvrplay-scanner-darkly4-300x201.png 300w, https:\/\/grindelwaldvr.com\/wp-content\/uploads\/2026\/01\/gvrplay-scanner-darkly4-1024x687.png 1024w, https:\/\/grindelwaldvr.com\/wp-content\/uploads\/2026\/01\/gvrplay-scanner-darkly4-1536x1030.png 1536w, https:\/\/grindelwaldvr.com\/wp-content\/uploads\/2026\/01\/gvrplay-scanner-darkly4-2048x1374.png 2048w, https:\/\/grindelwaldvr.com\/wp-content\/uploads\/2026\/01\/gvrplay-scanner-darkly4-18x12.png 18w\" sizes=\"(max-width: 768px) 100vw, 768px\" \/>\t\t\t\t\t\t\t\t\t\t\t\t\t\t\t<\/div>\n\t\t\t\t\t<\/div>\n\t\t\t\t<\/div>\n\t\t\t\t<\/div>","protected":false},"excerpt":{"rendered":"<p>Privacy Policy Data Controller Legal entity:\u00a0Virtual Paradiso GmbHBusiness name:\u00a0Grindelwald VR 110 Dorfstrasse3818 GrindelwaldSwitzerland Email:\u00a0contact@grindelwaldvr.com Personal Data We process personal data [&hellip;]<\/p>","protected":false},"author":1,"featured_media":0,"parent":0,"menu_order":0,"comment_status":"closed","ping_status":"closed","template":"","meta":{"site-sidebar-layout":"no-sidebar","site-content-layout":"","ast-site-content-layout":"full-width-container","site-content-style":"default","site-sidebar-style":"default","ast-global-header-display":"","ast-banner-title-visibility":"","ast-main-header-display":"","ast-hfb-above-header-display":"","ast-hfb-below-header-display":"","ast-hfb-mobile-header-display":"","site-post-title":"","ast-breadcrumbs-content":"","ast-featured-img":"disabled","footer-sml-layout":"","theme-transparent-header-meta":"disabled","adv-header-id-meta":"","stick-header-meta":"","header-above-stick-meta":"","header-main-stick-meta":"","header-below-stick-meta":"","astra-migrate-meta-layouts":"default","ast-page-background-enabled":"default","ast-page-background-meta":{"desktop":{"background-color":"var(--ast-global-color-5)","background-image":"","background-repeat":"repeat","background-position":"center center","background-size":"auto","background-attachment":"scroll","background-type":"","background-media":"","overlay-type":"","overlay-color":"","overlay-opacity":"","overlay-gradient":""},"tablet":{"background-color":"","background-image":"","background-repeat":"repeat","background-position":"center center","background-size":"auto","background-attachment":"scroll","background-type":"","background-media":"","overlay-type":"","overlay-color":"","overlay-opacity":"","overlay-gradient":""},"mobile":{"background-color":"","background-image":"","background-repeat":"repeat","background-position":"center center","background-size":"auto","background-attachment":"scroll","background-type":"","background-media":"","overlay-type":"","overlay-color":"","overlay-opacity":"","overlay-gradient":""}},"ast-content-background-meta":{"desktop":{"background-color":"var(--ast-global-color-4)","background-image":"","background-repeat":"repeat","background-position":"center center","background-size":"auto","background-attachment":"scroll","background-type":"","background-media":"","overlay-type":"","overlay-color":"","overlay-opacity":"","overlay-gradient":""},"tablet":{"background-color":"var(--ast-global-color-4)","background-image":"","background-repeat":"repeat","background-position":"center center","background-size":"auto","background-attachment":"scroll","background-type":"","background-media":"","overlay-type":"","overlay-color":"","overlay-opacity":"","overlay-gradient":""},"mobile":{"background-color":"var(--ast-global-color-4)","background-image":"","background-repeat":"repeat","background-position":"center center","background-size":"auto","background-attachment":"scroll","background-type":"","background-media":"","overlay-type":"","overlay-color":"","overlay-opacity":"","overlay-gradient":""}},"footnotes":""},"class_list":["post-1799","page","type-page","status-publish","hentry"],"_hostinger_reach_plugin_has_subscription_block":false,"_hostinger_reach_plugin_is_elementor":false,"_links":{"self":[{"href":"https:\/\/grindelwaldvr.com\/de\/wp-json\/wp\/v2\/pages\/1799","targetHints":{"allow":["GET"]}}],"collection":[{"href":"https:\/\/grindelwaldvr.com\/de\/wp-json\/wp\/v2\/pages"}],"about":[{"href":"https:\/\/grindelwaldvr.com\/de\/wp-json\/wp\/v2\/types\/page"}],"author":[{"embeddable":true,"href":"https:\/\/grindelwaldvr.com\/de\/wp-json\/wp\/v2\/users\/1"}],"replies":[{"embeddable":true,"href":"https:\/\/grindelwaldvr.com\/de\/wp-json\/wp\/v2\/comments?post=1799"}],"version-history":[{"count":17,"href":"https:\/\/grindelwaldvr.com\/de\/wp-json\/wp\/v2\/pages\/1799\/revisions"}],"predecessor-version":[{"id":2121,"href":"https:\/\/grindelwaldvr.com\/de\/wp-json\/wp\/v2\/pages\/1799\/revisions\/2121"}],"wp:attachment":[{"href":"https:\/\/grindelwaldvr.com\/de\/wp-json\/wp\/v2\/media?parent=1799"}],"curies":[{"name":"wp","href":"https:\/\/api.w.org\/{rel}","templated":true}]}}